{"id":2131,"date":"2024-05-20T11:36:18","date_gmt":"2024-05-20T14:36:18","guid":{"rendered":"https:\/\/www.entanglemental.com\/webnueva\/?page_id=2131"},"modified":"2024-06-06T17:42:09","modified_gmt":"2024-06-06T20:42:09","slug":"financiamiento","status":"publish","type":"page","link":"https:\/\/www.entanglemental.com\/pt\/financiamiento\/","title":{"rendered":"Financiamento"},"content":{"rendered":"<p><div class=\"fusion-fullwidth fullwidth-box fusion-builder-row-1 fusion-flex-container nonhundred-percent-fullwidth non-hundred-percent-height-scrolling\" style=\"--awb-border-radius-top-left:0px;--awb-border-radius-top-right:0px;--awb-border-radius-bottom-right:0px;--awb-border-radius-bottom-left:0px;--awb-padding-top:80px;--awb-padding-right:61px;--awb-padding-left:60px;--awb-padding-top-medium:40px;--awb-padding-bottom-medium:48px;--awb-padding-top-small:109px;--awb-padding-right-small:30px;--awb-padding-bottom-small:78px;--awb-padding-left-small:30px;--awb-flex-wrap:wrap;\" ><div class=\"fusion-builder-row fusion-row fusion-flex-align-items-flex-start fusion-flex-justify-content-center fusion-flex-content-wrap\" style=\"max-width:1310.4px;margin-left: calc(-4% \/ 2 );margin-right: calc(-4% \/ 2 );\"><div class=\"fusion-layout-column fusion_builder_column fusion-builder-column-0 fusion_builder_column_3_5 3_5 fusion-flex-column\" style=\"--awb-bg-size:cover;--awb-width-large:60%;--awb-margin-top-large:20px;--awb-spacing-right-large:3.2%;--awb-margin-bottom-large:20px;--awb-spacing-left-large:3.2%;--awb-width-medium:66.666666666667%;--awb-order-medium:0;--awb-spacing-right-medium:2.88%;--awb-spacing-left-medium:2.88%;--awb-width-small:100%;--awb-order-small:0;--awb-spacing-right-small:1.92%;--awb-spacing-left-small:1.92%;\"><div class=\"fusion-column-wrapper fusion-column-has-shadow fusion-flex-justify-content-flex-start fusion-content-layout-column\"><div class=\"fusion-text fusion-text-1\"><p style=\"text-align: center;\"><span style=\"color: var(--awb-custom10);\">O desafio de crescer ou se reestruturar coloca as empresas diante da necessidade de passar por \u00e1rduos processos de diagn\u00f3stico, vinculando-se a investidores e desenvolvendo complexos planos de neg\u00f3cios. O n\u00edvel de demandas necess\u00e1rias para aplicar a bons projetos de financiamento muitas vezes distancia as empresas do acesso efetivo \u00e0s fontes de financiamento.<\/span><\/p>\n<\/div><\/div><\/div><\/div><\/div><div class=\"fusion-fullwidth fullwidth-box fusion-builder-row-2 fusion-flex-container nonhundred-percent-fullwidth non-hundred-percent-height-scrolling\" style=\"--link_hover_color: var(--awb-color5);--awb-border-radius-top-left:0px;--awb-border-radius-top-right:0px;--awb-border-radius-bottom-right:0px;--awb-border-radius-bottom-left:0px;--awb-padding-top:90px;--awb-padding-right:80px;--awb-padding-bottom:96px;--awb-padding-left:80px;--awb-padding-top-medium:80px;--awb-padding-top-small:74px;--awb-padding-right-small:30px;--awb-padding-bottom-small:113px;--awb-padding-left-small:30px;--awb-background-color:var(--awb-color2);--awb-flex-wrap:wrap;\" ><div class=\"fusion-builder-row fusion-row fusion-flex-align-items-stretch fusion-flex-justify-content-center fusion-flex-content-wrap\" style=\"max-width:1310.4px;margin-left: calc(-4% \/ 2 );margin-right: calc(-4% \/ 2 );\"><div class=\"fusion-layout-column fusion_builder_column fusion-builder-column-1 fusion_builder_column_1_3 1_3 fusion-flex-column\" style=\"--awb-bg-size:cover;--awb-width-large:33.333333333333%;--awb-margin-top-large:36px;--awb-spacing-right-large:11.52%;--awb-margin-bottom-large:19px;--awb-spacing-left-large:4.32%;--awb-width-medium:100%;--awb-order-medium:0;--awb-spacing-right-medium:3.84%;--awb-margin-bottom-medium:20px;--awb-spacing-left-medium:1.44%;--awb-width-small:100%;--awb-order-small:0;--awb-spacing-right-small:1.92%;--awb-margin-bottom-small:16px;--awb-spacing-left-small:1.92%;\"><div class=\"fusion-column-wrapper fusion-column-has-shadow fusion-flex-justify-content-flex-start fusion-content-layout-column\"><div class=\"fusion-text fusion-text-2\" style=\"--awb-content-alignment:center;\"><p style=\"text-align: left; line-height: 34px; font-size: 19px;\" data-fusion-font=\"true\"><span style=\"font-size: 18px; color: #051c2c;\" data-fusion-font=\"true\">Na <\/span><b style=\"font-size: 18px; color: #051c2c;\" data-fusion-font=\"true\">ENTANGLEMENTAL<\/b><span style=\"font-size: 18px; color: #051c2c;\" data-fusion-font=\"true\"> cuidamos da montagem, aplica\u00e7\u00e3o e acompanhamento das opera\u00e7\u00f5es de financiamento. Articulamos nossos clientes com investidores para desenvolver o m\u00e9todo de financiamento mais adequado a cada necessidade.<\/span><\/p>\n<\/div><\/div><\/div><div class=\"fusion-layout-column fusion_builder_column fusion-builder-column-2 fusion_builder_column_1_3 1_3 fusion-flex-column\" style=\"--awb-padding-top:36px;--awb-padding-right:40px;--awb-padding-bottom:16px;--awb-padding-left:40px;--awb-overflow:hidden;--awb-bg-size:cover;--awb-box-shadow:0px 2px 4px -1px hsla(var(--awb-color1-h),var(--awb-color1-s),calc( var(--awb-color1-l) - 100% ),calc( var(--awb-color1-a) - 95% ));;--awb-border-color:#20b6d4;--awb-border-top:1px;--awb-border-right:1px;--awb-border-bottom:1px;--awb-border-left:1px;--awb-border-style:solid;--awb-border-radius:8px 8px 8px 8px;--awb-width-large:33.333333333333%;--awb-margin-top-large:20px;--awb-spacing-right-large:10px;--awb-margin-bottom-large:20px;--awb-spacing-left-large:10px;--awb-width-medium:33.333333333333%;--awb-order-medium:0;--awb-spacing-right-medium:10px;--awb-spacing-left-medium:10px;--awb-width-small:100%;--awb-order-small:0;--awb-spacing-right-small:1.92%;--awb-margin-bottom-small:10px;--awb-spacing-left-small:1.92%;\"><div class=\"fusion-column-wrapper fusion-column-has-shadow fusion-flex-justify-content-flex-start fusion-content-layout-column\"><i class=\"fb-icon-element-1 fb-icon-element fontawesome-icon fa-caret-down fas circle-no fusion-text-flow icon-hover-animation-slide\" style=\"--awb-iconcolor:#20b6d4;--awb-font-size:32px;--awb-margin-bottom:16px;\"><\/i><div class=\"fusion-title title fusion-title-1 fusion-sep-none fusion-title-text fusion-title-size-three\" style=\"--awb-link-color:#20b6d4;--awb-font-size:24px;\"><h3 class=\"fusion-title-heading title-heading-left fusion-responsive-typography-calculated\" style=\"margin:0;font-size:1em;--fontSize:24;--minFontSize:24;line-height:1.42;\"><a class=\"awb-custom-text-color awb-custom-text-hover-color\" target=\"_self\">Private equity<\/a><\/h3><\/div><div class=\"fusion-text fusion-text-3\"><p style=\"font-size: 18px; color: #051c2c;\" data-fusion-font=\"true\">Para aporte de capital em troca de a\u00e7\u00f5es<\/p>\n<\/div><\/div><\/div><div class=\"fusion-layout-column fusion_builder_column fusion-builder-column-3 fusion_builder_column_1_3 1_3 fusion-flex-column\" style=\"--awb-padding-top:36px;--awb-padding-right:40px;--awb-padding-bottom:16px;--awb-padding-left:40px;--awb-overflow:hidden;--awb-bg-size:cover;--awb-box-shadow:0px 2px 4px -1px hsla(var(--awb-color1-h),var(--awb-color1-s),calc( var(--awb-color1-l) - 100% ),calc( var(--awb-color1-a) - 95% ));;--awb-border-color:#20b6d4;--awb-border-top:1px;--awb-border-right:1px;--awb-border-bottom:1px;--awb-border-left:1px;--awb-border-style:solid;--awb-border-radius:8px 8px 8px 8px;--awb-width-large:33.333333333333%;--awb-margin-top-large:20px;--awb-spacing-right-large:10px;--awb-margin-bottom-large:20px;--awb-spacing-left-large:10px;--awb-width-medium:33.333333333333%;--awb-order-medium:0;--awb-spacing-right-medium:10px;--awb-spacing-left-medium:10px;--awb-width-small:100%;--awb-order-small:0;--awb-spacing-right-small:1.92%;--awb-margin-bottom-small:10px;--awb-spacing-left-small:1.92%;\"><div class=\"fusion-column-wrapper fusion-column-has-shadow fusion-flex-justify-content-flex-start fusion-content-layout-column\"><i class=\"fb-icon-element-2 fb-icon-element fontawesome-icon fa-caret-down fas circle-no fusion-text-flow icon-hover-animation-slide\" style=\"--awb-iconcolor:#20b6d4;--awb-font-size:32px;--awb-margin-bottom:16px;\"><\/i><div class=\"fusion-title title fusion-title-2 fusion-sep-none fusion-title-text fusion-title-size-three\" style=\"--awb-link-color:#20b6d4;--awb-font-size:24px;\"><h3 class=\"fusion-title-heading title-heading-left fusion-responsive-typography-calculated\" style=\"margin:0;font-size:1em;--fontSize:24;--minFontSize:24;line-height:1.42;\"><a class=\"awb-custom-text-color awb-custom-text-hover-color\" target=\"_self\">Capital de Risco<\/a><\/h3><\/div><div class=\"fusion-text fusion-text-4\"><p style=\"font-size: 18px; color: #051c2c;\" data-fusion-font=\"true\">Pela contribui\u00e7\u00e3o tempor\u00e1ria de recursos de terceiros para o patrim\u00f3nio da sociedade<\/p>\n<\/div><\/div><\/div><div class=\"fusion-layout-column fusion_builder_column fusion-builder-column-4 fusion_builder_column_1_4 1_4 fusion-flex-column\" style=\"--awb-padding-top:36px;--awb-padding-right:40px;--awb-padding-bottom:16px;--awb-padding-left:40px;--awb-overflow:hidden;--awb-bg-size:cover;--awb-box-shadow:0px 2px 4px -1px hsla(var(--awb-color1-h),var(--awb-color1-s),calc( var(--awb-color1-l) - 100% ),calc( var(--awb-color1-a) - 95% ));;--awb-border-color:#20b6d4;--awb-border-top:1px;--awb-border-right:1px;--awb-border-bottom:1px;--awb-border-left:1px;--awb-border-style:solid;--awb-border-radius:8px 8px 8px 8px;--awb-width-large:25%;--awb-margin-top-large:20px;--awb-spacing-right-large:10px;--awb-margin-bottom-large:20px;--awb-spacing-left-large:10px;--awb-width-medium:33.333333333333%;--awb-order-medium:0;--awb-spacing-right-medium:10px;--awb-spacing-left-medium:10px;--awb-width-small:100%;--awb-order-small:0;--awb-spacing-right-small:1.92%;--awb-margin-bottom-small:10px;--awb-spacing-left-small:1.92%;\"><div class=\"fusion-column-wrapper fusion-column-has-shadow fusion-flex-justify-content-flex-start fusion-content-layout-column\"><i class=\"fb-icon-element-3 fb-icon-element fontawesome-icon fa-caret-down fas circle-no fusion-text-flow icon-hover-animation-slide\" style=\"--awb-iconcolor:#20b6d4;--awb-font-size:32px;--awb-margin-bottom:16px;\"><\/i><div class=\"fusion-title title fusion-title-3 fusion-sep-none fusion-title-text fusion-title-size-three\" style=\"--awb-link-color:#20b6d4;--awb-font-size:24px;\"><h3 class=\"fusion-title-heading title-heading-left fusion-responsive-typography-calculated\" style=\"margin:0;font-size:1em;--fontSize:24;--minFontSize:24;line-height:1.42;\"><a class=\"awb-custom-text-color awb-custom-text-hover-color\" target=\"_self\">Rent back<\/a><\/h3><\/div><div class=\"fusion-text fusion-text-5\"><p style=\"font-size: 18px; color: #051c2c;\" data-fusion-font=\"true\">Para obten\u00e7\u00e3o de liquidez com a garantia dos bens<\/p>\n<\/div><\/div><\/div><div class=\"fusion-layout-column fusion_builder_column fusion-builder-column-5 fusion_builder_column_1_2 1_2 fusion-flex-column\" style=\"--awb-padding-top:36px;--awb-padding-right:40px;--awb-padding-bottom:16px;--awb-padding-left:40px;--awb-overflow:hidden;--awb-bg-size:cover;--awb-box-shadow:0px 2px 4px -1px hsla(var(--awb-color1-h),var(--awb-color1-s),calc( var(--awb-color1-l) - 100% ),calc( var(--awb-color1-a) - 95% ));;--awb-border-color:#20b6d4;--awb-border-top:1px;--awb-border-right:1px;--awb-border-bottom:1px;--awb-border-left:1px;--awb-border-style:solid;--awb-border-radius:8px 8px 8px 8px;--awb-width-large:50%;--awb-margin-top-large:20px;--awb-spacing-right-large:10px;--awb-margin-bottom-large:20px;--awb-spacing-left-large:10px;--awb-width-medium:50%;--awb-order-medium:0;--awb-spacing-right-medium:10px;--awb-spacing-left-medium:10px;--awb-width-small:100%;--awb-order-small:0;--awb-spacing-right-small:1.92%;--awb-margin-bottom-small:10px;--awb-spacing-left-small:1.92%;\"><div class=\"fusion-column-wrapper fusion-column-has-shadow fusion-flex-justify-content-flex-start fusion-content-layout-column\"><i class=\"fb-icon-element-4 fb-icon-element fontawesome-icon fa-caret-down fas circle-no fusion-text-flow icon-hover-animation-slide\" style=\"--awb-iconcolor:#20b6d4;--awb-font-size:32px;--awb-margin-bottom:16px;\"><\/i><div class=\"fusion-title title fusion-title-4 fusion-sep-none fusion-title-text fusion-title-size-three\" style=\"--awb-link-color:#20b6d4;--awb-font-size:24px;\"><h3 class=\"fusion-title-heading title-heading-left fusion-responsive-typography-calculated\" style=\"margin:0;font-size:1em;--fontSize:24;--minFontSize:24;line-height:1.42;\"><a class=\"awb-custom-text-color awb-custom-text-hover-color\" target=\"_self\">Cr\u00e9ditos Banc\u00e1rios<\/a><\/h3><\/div><div class=\"fusion-text fusion-text-6\"><p style=\"font-size: 18px; color: #051c2c;\" data-fusion-font=\"true\">Para financiamento de projectos de investimento ou reestrutura\u00e7\u00e3o de d\u00edvidas recorrendo \u00e0 banca habitual do cliente no seu mercado local mas melhorando o seu perfil de cr\u00e9dito com instrumentos de garantia internacional<\/p>\n<\/div><\/div><\/div><div class=\"fusion-layout-column fusion_builder_column fusion-builder-column-6 fusion_builder_column_1_4 1_4 fusion-flex-column\" style=\"--awb-padding-top:36px;--awb-padding-right:40px;--awb-padding-bottom:16px;--awb-padding-left:40px;--awb-overflow:hidden;--awb-bg-size:cover;--awb-box-shadow:0px 2px 4px -1px hsla(var(--awb-color1-h),var(--awb-color1-s),calc( var(--awb-color1-l) - 100% ),calc( var(--awb-color1-a) - 95% ));;--awb-border-color:#20b6d4;--awb-border-top:1px;--awb-border-right:1px;--awb-border-bottom:1px;--awb-border-left:1px;--awb-border-style:solid;--awb-border-radius:8px 8px 8px 8px;--awb-width-large:25%;--awb-margin-top-large:20px;--awb-spacing-right-large:10px;--awb-margin-bottom-large:20px;--awb-spacing-left-large:10px;--awb-width-medium:33.333333333333%;--awb-order-medium:0;--awb-spacing-right-medium:10px;--awb-spacing-left-medium:10px;--awb-width-small:100%;--awb-order-small:0;--awb-spacing-right-small:1.92%;--awb-margin-bottom-small:10px;--awb-spacing-left-small:1.92%;\"><div class=\"fusion-column-wrapper fusion-column-has-shadow fusion-flex-justify-content-flex-start fusion-content-layout-column\"><i class=\"fb-icon-element-5 fb-icon-element fontawesome-icon fa-caret-down fas circle-no fusion-text-flow icon-hover-animation-slide\" style=\"--awb-iconcolor:#20b6d4;--awb-font-size:32px;--awb-margin-bottom:16px;\"><\/i><div class=\"fusion-title title fusion-title-5 fusion-sep-none fusion-title-text fusion-title-size-three\" style=\"--awb-link-color:#20b6d4;--awb-font-size:24px;\"><h3 class=\"fusion-title-heading title-heading-left fusion-responsive-typography-calculated\" style=\"margin:0;font-size:1em;--fontSize:24;--minFontSize:24;line-height:1.42;\"><a class=\"awb-custom-text-color awb-custom-text-hover-color\" target=\"_self\">Emiss\u00e3o de d\u00edvida<\/a><\/h3><\/div><div class=\"fusion-text fusion-text-7\"><p style=\"font-size: 18px; color: #051c2c;\" data-fusion-font=\"true\">Nas formas de co-investimento, joint venture, financiamento de d\u00edvida ou d\u00edvida mezanino<\/p>\n<\/div><\/div><\/div><\/div><\/div><div class=\"fusion-fullwidth fullwidth-box fusion-builder-row-3 fusion-flex-container nonhundred-percent-fullwidth non-hundred-percent-height-scrolling\" style=\"--awb-border-radius-top-left:0px;--awb-border-radius-top-right:0px;--awb-border-radius-bottom-right:0px;--awb-border-radius-bottom-left:0px;--awb-padding-top:80px;--awb-padding-right:61px;--awb-padding-left:60px;--awb-padding-top-medium:40px;--awb-padding-bottom-medium:48px;--awb-padding-top-small:84px;--awb-padding-right-small:30px;--awb-padding-bottom-small:83px;--awb-padding-left-small:30px;--awb-background-color:#20b6d4;--awb-flex-wrap:wrap;\" ><div class=\"fusion-builder-row fusion-row fusion-flex-align-items-flex-start fusion-flex-justify-content-center fusion-flex-content-wrap\" style=\"max-width:1310.4px;margin-left: calc(-4% \/ 2 );margin-right: calc(-4% \/ 2 );\"><div class=\"fusion-layout-column fusion_builder_column fusion-builder-column-7 fusion_builder_column_3_5 3_5 fusion-flex-column\" style=\"--awb-bg-size:cover;--awb-width-large:60%;--awb-margin-top-large:20px;--awb-spacing-right-large:3.2%;--awb-margin-bottom-large:20px;--awb-spacing-left-large:3.2%;--awb-width-medium:66.666666666667%;--awb-order-medium:0;--awb-spacing-right-medium:2.88%;--awb-spacing-left-medium:2.88%;--awb-width-small:100%;--awb-order-small:0;--awb-spacing-right-small:1.92%;--awb-spacing-left-small:1.92%;\"><div class=\"fusion-column-wrapper fusion-column-has-shadow fusion-flex-justify-content-flex-start fusion-content-layout-column\"><div class=\"fusion-text fusion-text-8\"><p style=\"text-align: center;\"><span style=\"color: var(--awb-custom10);\"><span style=\"color: var(--awb-color1);\">Sabemos vincular empresas latino-americanas a fontes de financiamento, ajudamos a falar a l\u00edngua dos investidores, tornamos as inten\u00e7\u00f5es estrat\u00e9gicas das partes acess\u00edveis e transparentes, e ajudamos a gerar expectativas precisas, melhores pr\u00e1ticas e acesso ao capital de forma \u00e9tica forma e competitiva.<\/span><\/span><\/p>\n<\/div><\/div><\/div><\/div><\/div><\/p>","protected":false},"excerpt":{"rendered":"","protected":false},"author":1,"featured_media":0,"parent":0,"menu_order":0,"comment_status":"closed","ping_status":"closed","template":"100-width.php","meta":{"footnotes":""},"class_list":["post-2131","page","type-page","status-publish","hentry"],"yoast_head":"<!-- This site is optimized with the Yoast SEO plugin v22.8 - https:\/\/yoast.com\/wordpress\/plugins\/seo\/ -->\n<title>Financiamiento &#183; Entanglemental<\/title>\n<meta name=\"description\" content=\"Financing | Mergers &amp; Acquisitions | Commerce | Public Affair\" \/>\n<meta name=\"robots\" content=\"index, follow, max-snippet:-1, max-image-preview:large, max-video-preview:-1\" \/>\n<link rel=\"canonical\" href=\"https:\/\/www.entanglemental.com\/pt\/financiamiento\/\" \/>\n<meta property=\"og:locale\" content=\"pt_PT\" \/>\n<meta property=\"og:type\" content=\"article\" \/>\n<meta property=\"og:title\" content=\"ENTANGLEMENTAL RTG, LLC\" \/>\n<meta property=\"og:description\" content=\"Financing | Mergers &amp; Acquisitions | Commerce | Public Affairs\" \/>\n<meta property=\"og:url\" content=\"https:\/\/www.entanglemental.com\/pt\/financiamiento\/\" \/>\n<meta property=\"og:site_name\" content=\"Entanglemental\" \/>\n<meta property=\"article:publisher\" content=\"https:\/\/www.facebook.com\/entanglementalLLC\" \/>\n<meta property=\"article:modified_time\" content=\"2024-06-06T20:42:09+00:00\" \/>\n<meta property=\"og:image\" content=\"https:\/\/www.entanglemental.com\/wp-content\/uploads\/2024\/06\/SiteImage.png\" \/>\n\t<meta property=\"og:image:width\" content=\"1200\" \/>\n\t<meta property=\"og:image:height\" content=\"675\" \/>\n\t<meta property=\"og:image:type\" content=\"image\/png\" \/>\n<meta name=\"twitter:card\" content=\"summary_large_image\" \/>\n<meta name=\"twitter:label1\" content=\"Tempo estimado de leitura\" \/>\n\t<meta name=\"twitter:data1\" content=\"2 minutos\" \/>\n<script type=\"application\/ld+json\" class=\"yoast-schema-graph\">{\"@context\":\"https:\/\/schema.org\",\"@graph\":[{\"@type\":\"WebPage\",\"@id\":\"https:\/\/www.entanglemental.com\/financiamiento\/\",\"url\":\"https:\/\/www.entanglemental.com\/financiamiento\/\",\"name\":\"Financiamiento &#183; Entanglemental\",\"isPartOf\":{\"@id\":\"https:\/\/www.entanglemental.com\/#website\"},\"datePublished\":\"2024-05-20T14:36:18+00:00\",\"dateModified\":\"2024-06-06T20:42:09+00:00\",\"description\":\"Financing | Mergers & Acquisitions | Commerce | Public Affair\",\"breadcrumb\":{\"@id\":\"https:\/\/www.entanglemental.com\/financiamiento\/#breadcrumb\"},\"inLanguage\":\"pt-PT\",\"potentialAction\":[{\"@type\":\"ReadAction\",\"target\":[\"https:\/\/www.entanglemental.com\/financiamiento\/\"]}]},{\"@type\":\"BreadcrumbList\",\"@id\":\"https:\/\/www.entanglemental.com\/financiamiento\/#breadcrumb\",\"itemListElement\":[{\"@type\":\"ListItem\",\"position\":1,\"name\":\"Inicio\",\"item\":\"https:\/\/www.entanglemental.com\/\"},{\"@type\":\"ListItem\",\"position\":2,\"name\":\"Financiamiento\"}]},{\"@type\":\"WebSite\",\"@id\":\"https:\/\/www.entanglemental.com\/#website\",\"url\":\"https:\/\/www.entanglemental.com\/\",\"name\":\"ENTANGLEMENTAL RTG, LLC\",\"description\":\"\",\"publisher\":{\"@id\":\"https:\/\/www.entanglemental.com\/#organization\"},\"potentialAction\":[{\"@type\":\"SearchAction\",\"target\":{\"@type\":\"EntryPoint\",\"urlTemplate\":\"https:\/\/www.entanglemental.com\/?s={search_term_string}\"},\"query-input\":\"required name=search_term_string\"}],\"inLanguage\":\"pt-PT\"},{\"@type\":\"Organization\",\"@id\":\"https:\/\/www.entanglemental.com\/#organization\",\"name\":\"ENTANGLEMENTAL RTG, LLC\",\"url\":\"https:\/\/www.entanglemental.com\/\",\"logo\":{\"@type\":\"ImageObject\",\"inLanguage\":\"pt-PT\",\"@id\":\"https:\/\/www.entanglemental.com\/#\/schema\/logo\/image\/\",\"url\":\"https:\/\/www.entanglemental.com\/wp-content\/uploads\/2024\/05\/IconSite.png\",\"contentUrl\":\"https:\/\/www.entanglemental.com\/wp-content\/uploads\/2024\/05\/IconSite.png\",\"width\":512,\"height\":512,\"caption\":\"ENTANGLEMENTAL RTG, LLC\"},\"image\":{\"@id\":\"https:\/\/www.entanglemental.com\/#\/schema\/logo\/image\/\"},\"sameAs\":[\"https:\/\/www.facebook.com\/entanglementalLLC\",\"https:\/\/www.instagram.com\/entanglementalLLC\",\"https:\/\/www.linkedin.com\/company\/entanglementalllc\/\"]}]}<\/script>\n<!-- \/ Yoast SEO plugin. -->","yoast_head_json":{"title":"Financiamiento &#183; Entanglemental","description":"Financing | Mergers & Acquisitions | Commerce | Public Affair","robots":{"index":"index","follow":"follow","max-snippet":"max-snippet:-1","max-image-preview":"max-image-preview:large","max-video-preview":"max-video-preview:-1"},"canonical":"https:\/\/www.entanglemental.com\/pt\/financiamiento\/","og_locale":"pt_PT","og_type":"article","og_title":"ENTANGLEMENTAL RTG, LLC","og_description":"Financing | Mergers & Acquisitions | Commerce | Public Affairs","og_url":"https:\/\/www.entanglemental.com\/pt\/financiamiento\/","og_site_name":"Entanglemental","article_publisher":"https:\/\/www.facebook.com\/entanglementalLLC","article_modified_time":"2024-06-06T20:42:09+00:00","og_image":[{"width":1200,"height":675,"url":"https:\/\/www.entanglemental.com\/wp-content\/uploads\/2024\/06\/SiteImage.png","type":"image\/png"}],"twitter_card":"summary_large_image","twitter_misc":{"Tempo estimado de leitura":"2 minutos"},"schema":{"@context":"https:\/\/schema.org","@graph":[{"@type":"WebPage","@id":"https:\/\/www.entanglemental.com\/financiamiento\/","url":"https:\/\/www.entanglemental.com\/financiamiento\/","name":"Financiamiento &#183; Entanglemental","isPartOf":{"@id":"https:\/\/www.entanglemental.com\/#website"},"datePublished":"2024-05-20T14:36:18+00:00","dateModified":"2024-06-06T20:42:09+00:00","description":"Financing | Mergers & Acquisitions | Commerce | Public Affair","breadcrumb":{"@id":"https:\/\/www.entanglemental.com\/financiamiento\/#breadcrumb"},"inLanguage":"pt-PT","potentialAction":[{"@type":"ReadAction","target":["https:\/\/www.entanglemental.com\/financiamiento\/"]}]},{"@type":"BreadcrumbList","@id":"https:\/\/www.entanglemental.com\/financiamiento\/#breadcrumb","itemListElement":[{"@type":"ListItem","position":1,"name":"Inicio","item":"https:\/\/www.entanglemental.com\/"},{"@type":"ListItem","position":2,"name":"Financiamiento"}]},{"@type":"WebSite","@id":"https:\/\/www.entanglemental.com\/#website","url":"https:\/\/www.entanglemental.com\/","name":"ENTANGLEMENTAL RTG, LLC","description":"","publisher":{"@id":"https:\/\/www.entanglemental.com\/#organization"},"potentialAction":[{"@type":"SearchAction","target":{"@type":"EntryPoint","urlTemplate":"https:\/\/www.entanglemental.com\/?s={search_term_string}"},"query-input":"required name=search_term_string"}],"inLanguage":"pt-PT"},{"@type":"Organization","@id":"https:\/\/www.entanglemental.com\/#organization","name":"ENTANGLEMENTAL RTG, LLC","url":"https:\/\/www.entanglemental.com\/","logo":{"@type":"ImageObject","inLanguage":"pt-PT","@id":"https:\/\/www.entanglemental.com\/#\/schema\/logo\/image\/","url":"https:\/\/www.entanglemental.com\/wp-content\/uploads\/2024\/05\/IconSite.png","contentUrl":"https:\/\/www.entanglemental.com\/wp-content\/uploads\/2024\/05\/IconSite.png","width":512,"height":512,"caption":"ENTANGLEMENTAL RTG, LLC"},"image":{"@id":"https:\/\/www.entanglemental.com\/#\/schema\/logo\/image\/"},"sameAs":["https:\/\/www.facebook.com\/entanglementalLLC","https:\/\/www.instagram.com\/entanglementalLLC","https:\/\/www.linkedin.com\/company\/entanglementalllc\/"]}]}},"_links":{"self":[{"href":"https:\/\/www.entanglemental.com\/pt\/wp-json\/wp\/v2\/pages\/2131","targetHints":{"allow":["GET"]}}],"collection":[{"href":"https:\/\/www.entanglemental.com\/pt\/wp-json\/wp\/v2\/pages"}],"about":[{"href":"https:\/\/www.entanglemental.com\/pt\/wp-json\/wp\/v2\/types\/page"}],"author":[{"embeddable":true,"href":"https:\/\/www.entanglemental.com\/pt\/wp-json\/wp\/v2\/users\/1"}],"replies":[{"embeddable":true,"href":"https:\/\/www.entanglemental.com\/pt\/wp-json\/wp\/v2\/comments?post=2131"}],"version-history":[{"count":32,"href":"https:\/\/www.entanglemental.com\/pt\/wp-json\/wp\/v2\/pages\/2131\/revisions"}],"predecessor-version":[{"id":2646,"href":"https:\/\/www.entanglemental.com\/pt\/wp-json\/wp\/v2\/pages\/2131\/revisions\/2646"}],"wp:attachment":[{"href":"https:\/\/www.entanglemental.com\/pt\/wp-json\/wp\/v2\/media?parent=2131"}],"curies":[{"name":"wp","href":"https:\/\/api.w.org\/{rel}","templated":true}]}}