{"id":2141,"date":"2024-05-20T11:47:10","date_gmt":"2024-05-20T14:47:10","guid":{"rendered":"https:\/\/www.entanglemental.com\/webnueva\/?page_id=2141"},"modified":"2024-06-06T17:42:43","modified_gmt":"2024-06-06T20:42:43","slug":"fusionesyadquisiciones","status":"publish","type":"page","link":"https:\/\/www.entanglemental.com\/pt\/fusionesyadquisiciones\/","title":{"rendered":"Fus\u00f5es &amp; aquisi\u00e7\u00f5es"},"content":{"rendered":"<p><div class=\"fusion-fullwidth fullwidth-box fusion-builder-row-1 fusion-flex-container nonhundred-percent-fullwidth non-hundred-percent-height-scrolling\" style=\"--awb-border-radius-top-left:0px;--awb-border-radius-top-right:0px;--awb-border-radius-bottom-right:0px;--awb-border-radius-bottom-left:0px;--awb-padding-top:80px;--awb-padding-top-medium:40px;--awb-padding-bottom-medium:48px;--awb-padding-top-small:113px;--awb-padding-right-small:30px;--awb-padding-bottom-small:88px;--awb-padding-left-small:30px;--awb-flex-wrap:wrap;\" ><div class=\"fusion-builder-row fusion-row fusion-flex-align-items-flex-start fusion-flex-justify-content-center fusion-flex-content-wrap\" style=\"max-width:1310.4px;margin-left: calc(-4% \/ 2 );margin-right: calc(-4% \/ 2 );\"><div class=\"fusion-layout-column fusion_builder_column fusion-builder-column-0 fusion_builder_column_3_5 3_5 fusion-flex-column\" style=\"--awb-bg-size:cover;--awb-width-large:60%;--awb-margin-top-large:20px;--awb-spacing-right-large:3.2%;--awb-margin-bottom-large:20px;--awb-spacing-left-large:3.2%;--awb-width-medium:100%;--awb-order-medium:0;--awb-spacing-right-medium:1.92%;--awb-spacing-left-medium:1.92%;--awb-width-small:100%;--awb-order-small:0;--awb-spacing-right-small:1.92%;--awb-spacing-left-small:1.92%;\"><div class=\"fusion-column-wrapper fusion-column-has-shadow fusion-flex-justify-content-flex-start fusion-content-layout-column\"><div class=\"fusion-text fusion-text-1\"><p><span style=\"color: var(--awb-custom10);\">Lideramos o processo de venda de ativos corporativos e empresas com origem na Am\u00e9rica Latina ou com presen\u00e7a na regi\u00e3o. Geramos as ferramentas necess\u00e1rias para um adequado relacionamento jur\u00eddico e cont\u00e1bil com potenciais compradores. Nossa vasta experi\u00eancia em anatomia empresarial latino-americana e a trajet\u00f3ria de nossa rede de associados na regi\u00e3o nos permitem uma imers\u00e3o plena e r\u00e1pida na realidade da empresa que vende.<\/span><\/p>\n<\/div><\/div><\/div><div class=\"fusion-layout-column fusion_builder_column fusion-builder-column-1 fusion_builder_column_3_5 3_5 fusion-flex-column\" style=\"--awb-bg-size:cover;--awb-width-large:60%;--awb-margin-top-large:20px;--awb-spacing-right-large:3.2%;--awb-margin-bottom-large:20px;--awb-spacing-left-large:3.2%;--awb-width-medium:100%;--awb-order-medium:0;--awb-spacing-right-medium:1.92%;--awb-spacing-left-medium:1.92%;--awb-width-small:100%;--awb-order-small:0;--awb-spacing-right-small:1.92%;--awb-spacing-left-small:1.92%;\"><div class=\"fusion-column-wrapper fusion-column-has-shadow fusion-flex-justify-content-flex-start fusion-content-layout-column\"><div class=\"fusion-text fusion-text-2\"><p><span style=\"color: var(--awb-custom10);\">Desenvolvemos o teaser de investimento dentro de um quadro de confidencialidade e transpar\u00eancia na aplica\u00e7\u00e3o dos ativos a serem oferecidos \u00e0 nossa rede de investidores. Valorizamos os ativos com crit\u00e9rios objetivos, tornamos transparentes as conting\u00eancias fiscais, previdenci\u00e1rias e trabalhistas que podem ser assumidas. Determinamos a poss\u00edvel exist\u00eancia de riscos que possam comprometer a opera\u00e7\u00e3o (deal breakers) e os quantificamos, permitindo que sejam considerados na negocia\u00e7\u00e3o do pre\u00e7o da transa\u00e7\u00e3o e no estabelecimento de garantias. Atuamos como uma contraparte de trabalho no desenvolvimento da devida dilig\u00eancia do comprador potencial.<\/span><\/p>\n<\/div><\/div><\/div><div class=\"fusion-layout-column fusion_builder_column fusion-builder-column-2 fusion_builder_column_3_5 3_5 fusion-flex-column\" style=\"--awb-bg-size:cover;--awb-width-large:60%;--awb-margin-top-large:20px;--awb-spacing-right-large:3.2%;--awb-margin-bottom-large:20px;--awb-spacing-left-large:3.2%;--awb-width-medium:100%;--awb-order-medium:0;--awb-spacing-right-medium:1.92%;--awb-spacing-left-medium:1.92%;--awb-width-small:100%;--awb-order-small:0;--awb-spacing-right-small:1.92%;--awb-spacing-left-small:1.92%;\"><div class=\"fusion-column-wrapper fusion-column-has-shadow fusion-flex-justify-content-flex-start fusion-content-layout-column\"><div class=\"fusion-text fusion-text-3\"><p><span style=\"color: var(--awb-custom10);\">Participamos ativamente do processo de integra\u00e7\u00e3o p\u00f3s-venda, resolvendo quest\u00f5es societ\u00e1rias e operacionais decorrentes do processo de fus\u00e3o ou aquisi\u00e7\u00e3o da empresa, identificando alternativas que permitam minimizar a carga tribut\u00e1ria sobre as atividades, aumentando a competitividade e a rentabilidade do neg\u00f3cio.<\/span><\/p>\n<\/div><\/div><\/div><\/div><\/div><div class=\"fusion-fullwidth fullwidth-box fusion-builder-row-2 fusion-flex-container has-pattern-background has-mask-background fusion-parallax-none nonhundred-percent-fullwidth non-hundred-percent-height-scrolling lazyload\" style=\"--awb-border-radius-top-left:0px;--awb-border-radius-top-right:0px;--awb-border-radius-bottom-right:0px;--awb-border-radius-bottom-left:0px;--awb-background-size:cover;--awb-flex-wrap:wrap;\" data-bg=\"https:\/\/www.entanglemental.com\/wp-content\/uploads\/2024\/05\/Golden-Gate.jpg\" ><div class=\"fusion-builder-row fusion-row fusion-flex-align-items-flex-start fusion-flex-content-wrap\" style=\"max-width:1310.4px;margin-left: calc(-4% \/ 2 );margin-right: calc(-4% \/ 2 );\"><div class=\"fusion-layout-column fusion_builder_column fusion-builder-column-3 fusion_builder_column_1_1 1_1 fusion-flex-column\" style=\"--awb-bg-size:cover;--awb-width-large:100%;--awb-margin-top-large:100px;--awb-spacing-right-large:1.92%;--awb-margin-bottom-large:100px;--awb-spacing-left-large:1.92%;--awb-width-medium:100%;--awb-order-medium:0;--awb-spacing-right-medium:1.92%;--awb-spacing-left-medium:1.92%;--awb-width-small:100%;--awb-order-small:0;--awb-spacing-right-small:1.92%;--awb-spacing-left-small:1.92%;\"><div class=\"fusion-column-wrapper fusion-column-has-shadow fusion-flex-justify-content-flex-start fusion-content-layout-column\"><\/div><\/div><\/div><\/div><\/p>","protected":false},"excerpt":{"rendered":"","protected":false},"author":1,"featured_media":0,"parent":0,"menu_order":0,"comment_status":"closed","ping_status":"closed","template":"100-width.php","meta":{"footnotes":""},"class_list":["post-2141","page","type-page","status-publish","hentry"],"yoast_head":"<!-- This site is optimized with the Yoast SEO plugin v22.8 - https:\/\/yoast.com\/wordpress\/plugins\/seo\/ -->\n<title>Fusiones &amp; Adquisiciones &#183; Entanglemental<\/title>\n<meta name=\"description\" content=\"Financing | Mergers &amp; Acquisitions | Commerce | Public Affairs\" \/>\n<meta name=\"robots\" content=\"index, follow, max-snippet:-1, max-image-preview:large, max-video-preview:-1\" \/>\n<link rel=\"canonical\" href=\"https:\/\/www.entanglemental.com\/pt\/fusionesyadquisiciones\/\" \/>\n<meta property=\"og:locale\" content=\"pt_PT\" \/>\n<meta property=\"og:type\" content=\"article\" \/>\n<meta property=\"og:title\" content=\"ENTANGLEMENTAL RTG, LLC\" \/>\n<meta property=\"og:description\" content=\"Financing | Mergers &amp; Acquisitions | Commerce | Public Affairs\" \/>\n<meta property=\"og:url\" content=\"https:\/\/www.entanglemental.com\/pt\/fusionesyadquisiciones\/\" \/>\n<meta property=\"og:site_name\" content=\"Entanglemental\" \/>\n<meta property=\"article:publisher\" content=\"https:\/\/www.facebook.com\/entanglementalLLC\" \/>\n<meta property=\"article:modified_time\" content=\"2024-06-06T20:42:43+00:00\" \/>\n<meta property=\"og:image\" content=\"https:\/\/www.entanglemental.com\/wp-content\/uploads\/2024\/06\/SiteImage.png\" \/>\n\t<meta property=\"og:image:width\" content=\"1200\" \/>\n\t<meta property=\"og:image:height\" content=\"675\" \/>\n\t<meta property=\"og:image:type\" content=\"image\/png\" \/>\n<meta name=\"twitter:card\" content=\"summary_large_image\" \/>\n<meta name=\"twitter:label1\" content=\"Tempo estimado de leitura\" \/>\n\t<meta name=\"twitter:data1\" content=\"1 minuto\" \/>\n<script type=\"application\/ld+json\" class=\"yoast-schema-graph\">{\"@context\":\"https:\/\/schema.org\",\"@graph\":[{\"@type\":\"WebPage\",\"@id\":\"https:\/\/www.entanglemental.com\/fusionesyadquisiciones\/\",\"url\":\"https:\/\/www.entanglemental.com\/fusionesyadquisiciones\/\",\"name\":\"Fusiones & Adquisiciones &#183; Entanglemental\",\"isPartOf\":{\"@id\":\"https:\/\/www.entanglemental.com\/#website\"},\"datePublished\":\"2024-05-20T14:47:10+00:00\",\"dateModified\":\"2024-06-06T20:42:43+00:00\",\"description\":\"Financing | Mergers & Acquisitions | Commerce | Public Affairs\",\"breadcrumb\":{\"@id\":\"https:\/\/www.entanglemental.com\/fusionesyadquisiciones\/#breadcrumb\"},\"inLanguage\":\"pt-PT\",\"potentialAction\":[{\"@type\":\"ReadAction\",\"target\":[\"https:\/\/www.entanglemental.com\/fusionesyadquisiciones\/\"]}]},{\"@type\":\"BreadcrumbList\",\"@id\":\"https:\/\/www.entanglemental.com\/fusionesyadquisiciones\/#breadcrumb\",\"itemListElement\":[{\"@type\":\"ListItem\",\"position\":1,\"name\":\"Inicio\",\"item\":\"https:\/\/www.entanglemental.com\/\"},{\"@type\":\"ListItem\",\"position\":2,\"name\":\"Fusiones &#038; Adquisiciones\"}]},{\"@type\":\"WebSite\",\"@id\":\"https:\/\/www.entanglemental.com\/#website\",\"url\":\"https:\/\/www.entanglemental.com\/\",\"name\":\"ENTANGLEMENTAL RTG, LLC\",\"description\":\"\",\"publisher\":{\"@id\":\"https:\/\/www.entanglemental.com\/#organization\"},\"potentialAction\":[{\"@type\":\"SearchAction\",\"target\":{\"@type\":\"EntryPoint\",\"urlTemplate\":\"https:\/\/www.entanglemental.com\/?s={search_term_string}\"},\"query-input\":\"required name=search_term_string\"}],\"inLanguage\":\"pt-PT\"},{\"@type\":\"Organization\",\"@id\":\"https:\/\/www.entanglemental.com\/#organization\",\"name\":\"ENTANGLEMENTAL RTG, LLC\",\"url\":\"https:\/\/www.entanglemental.com\/\",\"logo\":{\"@type\":\"ImageObject\",\"inLanguage\":\"pt-PT\",\"@id\":\"https:\/\/www.entanglemental.com\/#\/schema\/logo\/image\/\",\"url\":\"https:\/\/www.entanglemental.com\/wp-content\/uploads\/2024\/05\/IconSite.png\",\"contentUrl\":\"https:\/\/www.entanglemental.com\/wp-content\/uploads\/2024\/05\/IconSite.png\",\"width\":512,\"height\":512,\"caption\":\"ENTANGLEMENTAL RTG, LLC\"},\"image\":{\"@id\":\"https:\/\/www.entanglemental.com\/#\/schema\/logo\/image\/\"},\"sameAs\":[\"https:\/\/www.facebook.com\/entanglementalLLC\",\"https:\/\/www.instagram.com\/entanglementalLLC\",\"https:\/\/www.linkedin.com\/company\/entanglementalllc\/\"]}]}<\/script>\n<!-- \/ Yoast SEO plugin. -->","yoast_head_json":{"title":"Fusiones & Adquisiciones &#183; Entanglemental","description":"Financing | Mergers & Acquisitions | Commerce | Public Affairs","robots":{"index":"index","follow":"follow","max-snippet":"max-snippet:-1","max-image-preview":"max-image-preview:large","max-video-preview":"max-video-preview:-1"},"canonical":"https:\/\/www.entanglemental.com\/pt\/fusionesyadquisiciones\/","og_locale":"pt_PT","og_type":"article","og_title":"ENTANGLEMENTAL RTG, LLC","og_description":"Financing | Mergers & Acquisitions | Commerce | Public Affairs","og_url":"https:\/\/www.entanglemental.com\/pt\/fusionesyadquisiciones\/","og_site_name":"Entanglemental","article_publisher":"https:\/\/www.facebook.com\/entanglementalLLC","article_modified_time":"2024-06-06T20:42:43+00:00","og_image":[{"width":1200,"height":675,"url":"https:\/\/www.entanglemental.com\/wp-content\/uploads\/2024\/06\/SiteImage.png","type":"image\/png"}],"twitter_card":"summary_large_image","twitter_misc":{"Tempo estimado de leitura":"1 minuto"},"schema":{"@context":"https:\/\/schema.org","@graph":[{"@type":"WebPage","@id":"https:\/\/www.entanglemental.com\/fusionesyadquisiciones\/","url":"https:\/\/www.entanglemental.com\/fusionesyadquisiciones\/","name":"Fusiones & Adquisiciones &#183; Entanglemental","isPartOf":{"@id":"https:\/\/www.entanglemental.com\/#website"},"datePublished":"2024-05-20T14:47:10+00:00","dateModified":"2024-06-06T20:42:43+00:00","description":"Financing | Mergers & Acquisitions | Commerce | Public Affairs","breadcrumb":{"@id":"https:\/\/www.entanglemental.com\/fusionesyadquisiciones\/#breadcrumb"},"inLanguage":"pt-PT","potentialAction":[{"@type":"ReadAction","target":["https:\/\/www.entanglemental.com\/fusionesyadquisiciones\/"]}]},{"@type":"BreadcrumbList","@id":"https:\/\/www.entanglemental.com\/fusionesyadquisiciones\/#breadcrumb","itemListElement":[{"@type":"ListItem","position":1,"name":"Inicio","item":"https:\/\/www.entanglemental.com\/"},{"@type":"ListItem","position":2,"name":"Fusiones &#038; Adquisiciones"}]},{"@type":"WebSite","@id":"https:\/\/www.entanglemental.com\/#website","url":"https:\/\/www.entanglemental.com\/","name":"ENTANGLEMENTAL RTG, LLC","description":"","publisher":{"@id":"https:\/\/www.entanglemental.com\/#organization"},"potentialAction":[{"@type":"SearchAction","target":{"@type":"EntryPoint","urlTemplate":"https:\/\/www.entanglemental.com\/?s={search_term_string}"},"query-input":"required name=search_term_string"}],"inLanguage":"pt-PT"},{"@type":"Organization","@id":"https:\/\/www.entanglemental.com\/#organization","name":"ENTANGLEMENTAL RTG, LLC","url":"https:\/\/www.entanglemental.com\/","logo":{"@type":"ImageObject","inLanguage":"pt-PT","@id":"https:\/\/www.entanglemental.com\/#\/schema\/logo\/image\/","url":"https:\/\/www.entanglemental.com\/wp-content\/uploads\/2024\/05\/IconSite.png","contentUrl":"https:\/\/www.entanglemental.com\/wp-content\/uploads\/2024\/05\/IconSite.png","width":512,"height":512,"caption":"ENTANGLEMENTAL RTG, LLC"},"image":{"@id":"https:\/\/www.entanglemental.com\/#\/schema\/logo\/image\/"},"sameAs":["https:\/\/www.facebook.com\/entanglementalLLC","https:\/\/www.instagram.com\/entanglementalLLC","https:\/\/www.linkedin.com\/company\/entanglementalllc\/"]}]}},"_links":{"self":[{"href":"https:\/\/www.entanglemental.com\/pt\/wp-json\/wp\/v2\/pages\/2141","targetHints":{"allow":["GET"]}}],"collection":[{"href":"https:\/\/www.entanglemental.com\/pt\/wp-json\/wp\/v2\/pages"}],"about":[{"href":"https:\/\/www.entanglemental.com\/pt\/wp-json\/wp\/v2\/types\/page"}],"author":[{"embeddable":true,"href":"https:\/\/www.entanglemental.com\/pt\/wp-json\/wp\/v2\/users\/1"}],"replies":[{"embeddable":true,"href":"https:\/\/www.entanglemental.com\/pt\/wp-json\/wp\/v2\/comments?post=2141"}],"version-history":[{"count":8,"href":"https:\/\/www.entanglemental.com\/pt\/wp-json\/wp\/v2\/pages\/2141\/revisions"}],"predecessor-version":[{"id":2647,"href":"https:\/\/www.entanglemental.com\/pt\/wp-json\/wp\/v2\/pages\/2141\/revisions\/2647"}],"wp:attachment":[{"href":"https:\/\/www.entanglemental.com\/pt\/wp-json\/wp\/v2\/media?parent=2141"}],"curies":[{"name":"wp","href":"https:\/\/api.w.org\/{rel}","templated":true}]}}