{"id":2532,"date":"2024-05-29T15:08:24","date_gmt":"2024-05-29T18:08:24","guid":{"rendered":"https:\/\/www.entanglemental.com\/webnueva\/?page_id=2532"},"modified":"2024-06-06T17:41:15","modified_gmt":"2024-06-06T20:41:15","slug":"comercio","status":"publish","type":"page","link":"https:\/\/www.entanglemental.com\/pt\/comercio\/","title":{"rendered":"Comercio"},"content":{"rendered":"<p><div class=\"fusion-fullwidth fullwidth-box fusion-builder-row-1 fusion-flex-container nonhundred-percent-fullwidth non-hundred-percent-height-scrolling\" style=\"--awb-border-radius-top-left:0px;--awb-border-radius-top-right:0px;--awb-border-radius-bottom-right:0px;--awb-border-radius-bottom-left:0px;--awb-padding-top:80px;--awb-padding-right:61px;--awb-padding-left:60px;--awb-padding-top-medium:40px;--awb-padding-bottom-medium:48px;--awb-padding-top-small:109px;--awb-padding-right-small:30px;--awb-padding-bottom-small:78px;--awb-padding-left-small:30px;--awb-flex-wrap:wrap;\" ><div class=\"fusion-builder-row fusion-row fusion-flex-align-items-flex-start fusion-flex-justify-content-center fusion-flex-content-wrap\" style=\"max-width:1310.4px;margin-left: calc(-4% \/ 2 );margin-right: calc(-4% \/ 2 );\"><div class=\"fusion-layout-column fusion_builder_column fusion-builder-column-0 fusion_builder_column_3_5 3_5 fusion-flex-column\" style=\"--awb-bg-size:cover;--awb-width-large:60%;--awb-margin-top-large:20px;--awb-spacing-right-large:3.2%;--awb-margin-bottom-large:20px;--awb-spacing-left-large:3.2%;--awb-width-medium:100%;--awb-order-medium:0;--awb-spacing-right-medium:1.92%;--awb-spacing-left-medium:1.92%;--awb-width-small:100%;--awb-order-small:0;--awb-spacing-right-small:1.92%;--awb-spacing-left-small:1.92%;\"><div class=\"fusion-column-wrapper fusion-column-has-shadow fusion-flex-justify-content-flex-start fusion-content-layout-column\"><div class=\"fusion-text fusion-text-1\"><p style=\"color: var(--awb-custom10);\">O com\u00e9rcio internacional \u00e9 uma parte importante do nosso servi\u00e7o aos clientes. Dedicamo-nos \u00e0 intermedia\u00e7\u00e3o de compra e venda de mat\u00e9rias-primas, insumos, servi\u00e7os e bens de capital.<\/p>\n<p style=\"color: var(--awb-custom10);\">Nossas rela\u00e7\u00f5es comerciais incluem \u00cdndia, China, Emirados \u00c1rabes Unidos, Am\u00e9rica do Sul e Am\u00e9rica do Norte. Ao longo destes anos constru\u00edmos rela\u00e7\u00f5es de sucesso, satisfazendo as expectativas dos nossos clientes, obtendo n\u00e3o s\u00f3 os melhores pre\u00e7os do mercado, mas tamb\u00e9m produtos e servi\u00e7os considerados da mais elevada qualidade. Gerar vantagens competitivas que nos permitam diferenciar-nos dos nossos concorrentes; Dispomos de uma extensa gest\u00e3o de contactos nacionais e internacionais, ferramenta fundamental para encontrar o que procura em qualquer parte do mundo, oportunidades de neg\u00f3cio, visibilidade, inspira\u00e7\u00e3o, produtos, etc.<\/p>\n<\/div><\/div><\/div><\/div><\/div><div class=\"fusion-fullwidth fullwidth-box fusion-builder-row-2 fusion-flex-container nonhundred-percent-fullwidth non-hundred-percent-height-scrolling\" style=\"--awb-border-radius-top-left:0px;--awb-border-radius-top-right:0px;--awb-border-radius-bottom-right:0px;--awb-border-radius-bottom-left:0px;--awb-padding-top:80px;--awb-padding-right:61px;--awb-padding-left:60px;--awb-padding-top-medium:40px;--awb-padding-bottom-medium:48px;--awb-padding-top-small:84px;--awb-padding-right-small:30px;--awb-padding-bottom-small:83px;--awb-padding-left-small:30px;--awb-background-color:#20b6d4;--awb-flex-wrap:wrap;\" ><div class=\"fusion-builder-row fusion-row fusion-flex-align-items-flex-start fusion-flex-justify-content-center fusion-flex-content-wrap\" style=\"max-width:1310.4px;margin-left: calc(-4% \/ 2 );margin-right: calc(-4% \/ 2 );\"><div class=\"fusion-layout-column fusion_builder_column fusion-builder-column-1 fusion_builder_column_3_5 3_5 fusion-flex-column\" style=\"--awb-bg-size:cover;--awb-width-large:60%;--awb-margin-top-large:20px;--awb-spacing-right-large:3.2%;--awb-margin-bottom-large:20px;--awb-spacing-left-large:3.2%;--awb-width-medium:100%;--awb-order-medium:0;--awb-spacing-right-medium:1.92%;--awb-spacing-left-medium:1.92%;--awb-width-small:100%;--awb-order-small:0;--awb-spacing-right-small:1.92%;--awb-spacing-left-small:1.92%;\"><div class=\"fusion-column-wrapper fusion-column-has-shadow fusion-flex-justify-content-flex-start fusion-content-layout-column\"><div class=\"fusion-text fusion-text-2\"><p style=\"text-align: center;\"><span style=\"color: var(--awb-color1);\">Confian\u00e7a e integridade s\u00e3o a base do nosso sucesso, formamos uma ampla rede de relacionamentos empresariais e profissionais de diversas ind\u00fastrias e setores, com s\u00f3lida reputa\u00e7\u00e3o e credibilidade, baseada na confian\u00e7a e nos resultados, oferecemos as melhores oportunidades.<\/span><\/p>\n<\/div><\/div><\/div><\/div><\/div><div class=\"fusion-fullwidth fullwidth-box fusion-builder-row-3 fusion-flex-container has-pattern-background has-mask-background hundred-percent-fullwidth non-hundred-percent-height-scrolling\" style=\"--awb-border-radius-top-left:0px;--awb-border-radius-top-right:0px;--awb-border-radius-bottom-right:0px;--awb-border-radius-bottom-left:0px;--awb-padding-top:0px;--awb-padding-right:0px;--awb-padding-bottom:0px;--awb-padding-left:0px;--awb-margin-top:0px;--awb-flex-wrap:wrap;\" ><div class=\"fusion-builder-row fusion-row fusion-flex-align-items-flex-start fusion-flex-content-wrap\" style=\"width:104% !important;max-width:104% !important;margin-left: calc(-4% \/ 2 );margin-right: calc(-4% \/ 2 );\"><div class=\"fusion-layout-column fusion_builder_column fusion-builder-column-2 fusion_builder_column_1_1 1_1 fusion-flex-column\" style=\"--awb-bg-size:cover;--awb-width-large:100%;--awb-margin-top-large:0px;--awb-spacing-right-large:1.92%;--awb-margin-bottom-large:0px;--awb-spacing-left-large:1.92%;--awb-width-medium:100%;--awb-order-medium:0;--awb-spacing-right-medium:1.92%;--awb-spacing-left-medium:1.92%;--awb-width-small:100%;--awb-order-small:0;--awb-spacing-right-small:1.92%;--awb-spacing-left-small:1.92%;\"><div class=\"fusion-column-wrapper fusion-column-has-shadow fusion-flex-justify-content-flex-start fusion-content-layout-column\"><div style=\"--awb-height:450px;\" class=\"awb-openstreet-map awb-openstreet-map-1\" data-map-style=\"carto-db\" data-map-type=\"marker\" data-zoom=\"14\" data-zoomsnap=\"0.8\" data-zoomcontrol=\"1\" data-scrollwheelzoom=\"\" data-dragging=\"1\" data-touchzoom=\"1\" data-dbclickzoom=\"1\" data-fitbounds=\"1\" data-shape-color=\"rgba(32,182,212,1)\" data-shape-weight=\"3\"><div class=\"awb-openstreet-map-marker awb-openstreet-map-marker-1\" data-latitude=\"24.0002488\" data-longitude=\"53.9994829\" data-icon=\"fa-map-marker-alt fas\" data-action=\"tooltip\"><div class=\"awb-openstreet-map-marker-icon-wrapper\" style=\"--awb-color:var(--awb-color1);--awb-background-color:#051c2c;--awb-hover-color:var(--awb-color1);\"><i class=\"fa-map-marker-alt fas\"><\/i><\/div><div class=\"awb-openstreet-map-content-wrapper\"><h5 class=\"awb-openstreet-map-marker-title\">Emiratos \u00c1rabes Unidos<\/h5><\/div><\/div><div class=\"awb-openstreet-map-marker awb-openstreet-map-marker-2\" data-latitude=\"31.2312707\" data-longitude=\"121.4700152\" data-icon=\"fa-map-marker-alt fas\" data-action=\"tooltip\"><div class=\"awb-openstreet-map-marker-icon-wrapper\" style=\"--awb-color:var(--awb-color1);--awb-background-color:#051c2c;--awb-hover-color:var(--awb-color1);\"><i class=\"fa-map-marker-alt fas\"><\/i><\/div><div class=\"awb-openstreet-map-content-wrapper\"><h5 class=\"awb-openstreet-map-marker-title\">Shanghai<\/h5><\/div><\/div><div class=\"awb-openstreet-map-marker awb-openstreet-map-marker-3\" data-latitude=\"8.559559\" data-longitude=\"-81.1308434\" data-icon=\"fa-map-marker-alt fas\" data-action=\"tooltip\"><div class=\"awb-openstreet-map-marker-icon-wrapper\" style=\"--awb-color:var(--awb-color1);--awb-background-color:#051c2c;--awb-hover-color:var(--awb-color1);\"><i class=\"fa-map-marker-alt fas\"><\/i><\/div><div class=\"awb-openstreet-map-content-wrapper\"><h5 class=\"awb-openstreet-map-marker-title\">Panam\u00e1<\/h5><\/div><\/div><div class=\"awb-openstreet-map-marker awb-openstreet-map-marker-4\" data-latitude=\"12.98815675\" data-longitude=\"77.62260003796\" data-icon=\"fa-map-marker-alt fas\" data-action=\"tooltip\"><div class=\"awb-openstreet-map-marker-icon-wrapper\" style=\"--awb-color:var(--awb-color1);--awb-background-color:#051c2c;--awb-hover-color:var(--awb-color1);\"><i class=\"fa-map-marker-alt fas\"><\/i><\/div><div class=\"awb-openstreet-map-content-wrapper\"><h5 class=\"awb-openstreet-map-marker-title\">Bangalore<\/h5><\/div><\/div><div class=\"awb-openstreet-map-marker awb-openstreet-map-marker-5\" data-latitude=\"-34.6037181\" data-longitude=\"-58.38153\" data-icon=\"fa-map-marker-alt fas\" data-action=\"tooltip\"><div class=\"awb-openstreet-map-marker-icon-wrapper\" style=\"--awb-color:var(--awb-color1);--awb-background-color:#051c2c;--awb-hover-color:var(--awb-color1);\"><i class=\"fa-map-marker-alt fas\"><\/i><\/div><div class=\"awb-openstreet-map-content-wrapper\"><h5 class=\"awb-openstreet-map-marker-title\">Buenos Aires<\/h5><\/div><\/div><div class=\"awb-openstreet-map-marker awb-openstreet-map-marker-6\" data-latitude=\"-17.7834936\" data-longitude=\"-63.1820853\" data-icon=\"fa-map-marker-alt fas\" data-action=\"tooltip\"><div class=\"awb-openstreet-map-marker-icon-wrapper\" style=\"--awb-color:var(--awb-color1);--awb-background-color:#051c2c;--awb-hover-color:var(--awb-color1);\"><i class=\"fa-map-marker-alt fas\"><\/i><\/div><div class=\"awb-openstreet-map-content-wrapper\"><h5 class=\"awb-openstreet-map-marker-title\">Santa Cruz de la Sierra<\/h5><\/div><\/div><div class=\"awb-openstreet-map-marker awb-openstreet-map-marker-7\" data-latitude=\"-30.0324999\" data-longitude=\"-51.2303767\" data-icon=\"fa-map-marker-alt fas\" data-action=\"tooltip\"><div class=\"awb-openstreet-map-marker-icon-wrapper\" style=\"--awb-color:var(--awb-color1);--awb-background-color:#051c2c;--awb-hover-color:var(--awb-color1);\"><i class=\"fa-map-marker-alt fas\"><\/i><\/div><div class=\"awb-openstreet-map-content-wrapper\"><h5 class=\"awb-openstreet-map-marker-title\">Porto Alegre<\/h5><\/div><\/div><div class=\"awb-openstreet-map-marker awb-openstreet-map-marker-8\" data-latitude=\"-23.5506507\" data-longitude=\"-46.6333824\" data-icon=\"fa-map-marker-alt fas\" data-action=\"tooltip\"><div class=\"awb-openstreet-map-marker-icon-wrapper\" style=\"--awb-color:var(--awb-color1);--awb-background-color:#051c2c;--awb-hover-color:var(--awb-color1);\"><i class=\"fa-map-marker-alt fas\"><\/i><\/div><div class=\"awb-openstreet-map-content-wrapper\"><h5 class=\"awb-openstreet-map-marker-title\">S\u00e3o Paulo<\/h5><\/div><\/div><div class=\"awb-openstreet-map-marker awb-openstreet-map-marker-9\" data-latitude=\"25.7741728\" data-longitude=\"-80.19362\" data-icon=\"fa-map-marker-alt fas\" data-action=\"tooltip\"><div class=\"awb-openstreet-map-marker-icon-wrapper\" style=\"--awb-color:var(--awb-color1);--awb-background-color:#051c2c;--awb-hover-color:var(--awb-color1);\"><i class=\"fa-map-marker-alt fas\"><\/i><\/div><div class=\"awb-openstreet-map-content-wrapper\"><h5 class=\"awb-openstreet-map-marker-title\">Miami<\/h5><\/div><\/div><div class=\"awb-openstreet-map-marker awb-openstreet-map-marker-10\" data-latitude=\"38.8950368\" data-longitude=\"-77.0365427\" data-icon=\"fa-map-marker-alt fas\" data-action=\"tooltip\"><div class=\"awb-openstreet-map-marker-icon-wrapper\" style=\"--awb-color:var(--awb-color1);--awb-background-color:#051c2c;--awb-hover-color:var(--awb-color1);\"><i class=\"fa-map-marker-alt fas\"><\/i><\/div><div class=\"awb-openstreet-map-content-wrapper\"><h5 class=\"awb-openstreet-map-marker-title\">Washington DC<\/h5><\/div><\/div><\/div><\/div><\/div><\/div><\/div><\/p>","protected":false},"excerpt":{"rendered":"","protected":false},"author":1,"featured_media":0,"parent":0,"menu_order":0,"comment_status":"closed","ping_status":"closed","template":"100-width.php","meta":{"footnotes":""},"class_list":["post-2532","page","type-page","status-publish","hentry"],"yoast_head":"<!-- This site is optimized with the Yoast SEO plugin v22.8 - https:\/\/yoast.com\/wordpress\/plugins\/seo\/ -->\n<title>Comercio &#183; Entanglemental<\/title>\n<meta name=\"description\" content=\"Financing | Mergers &amp; Acquisitions | Commerce | Public Affairs\" \/>\n<meta name=\"robots\" content=\"index, follow, max-snippet:-1, max-image-preview:large, max-video-preview:-1\" \/>\n<link rel=\"canonical\" href=\"https:\/\/www.entanglemental.com\/pt\/comercio\/\" \/>\n<meta property=\"og:locale\" content=\"pt_PT\" \/>\n<meta property=\"og:type\" content=\"article\" \/>\n<meta property=\"og:title\" content=\"ENTANGLEMENTAL RTG, LLC\" \/>\n<meta property=\"og:description\" content=\"Financing | Mergers &amp; Acquisitions | Commerce | Public Affair\" \/>\n<meta property=\"og:url\" content=\"https:\/\/www.entanglemental.com\/pt\/comercio\/\" \/>\n<meta property=\"og:site_name\" content=\"Entanglemental\" \/>\n<meta property=\"article:publisher\" content=\"https:\/\/www.facebook.com\/entanglementalLLC\" \/>\n<meta property=\"article:modified_time\" content=\"2024-06-06T20:41:15+00:00\" \/>\n<meta property=\"og:image\" content=\"https:\/\/www.entanglemental.com\/wp-content\/uploads\/2024\/06\/SiteImage.png\" \/>\n\t<meta property=\"og:image:width\" content=\"1200\" \/>\n\t<meta property=\"og:image:height\" content=\"675\" \/>\n\t<meta property=\"og:image:type\" content=\"image\/png\" \/>\n<meta name=\"twitter:card\" content=\"summary_large_image\" \/>\n<meta name=\"twitter:label1\" content=\"Tempo estimado de leitura\" \/>\n\t<meta name=\"twitter:data1\" content=\"1 minuto\" \/>\n<script type=\"application\/ld+json\" class=\"yoast-schema-graph\">{\"@context\":\"https:\/\/schema.org\",\"@graph\":[{\"@type\":\"WebPage\",\"@id\":\"https:\/\/www.entanglemental.com\/comercio\/\",\"url\":\"https:\/\/www.entanglemental.com\/comercio\/\",\"name\":\"Comercio &#183; Entanglemental\",\"isPartOf\":{\"@id\":\"https:\/\/www.entanglemental.com\/#website\"},\"datePublished\":\"2024-05-29T18:08:24+00:00\",\"dateModified\":\"2024-06-06T20:41:15+00:00\",\"description\":\"Financing | Mergers & Acquisitions | Commerce | Public Affairs\",\"breadcrumb\":{\"@id\":\"https:\/\/www.entanglemental.com\/comercio\/#breadcrumb\"},\"inLanguage\":\"pt-PT\",\"potentialAction\":[{\"@type\":\"ReadAction\",\"target\":[\"https:\/\/www.entanglemental.com\/comercio\/\"]}]},{\"@type\":\"BreadcrumbList\",\"@id\":\"https:\/\/www.entanglemental.com\/comercio\/#breadcrumb\",\"itemListElement\":[{\"@type\":\"ListItem\",\"position\":1,\"name\":\"Inicio\",\"item\":\"https:\/\/www.entanglemental.com\/\"},{\"@type\":\"ListItem\",\"position\":2,\"name\":\"Comercio\"}]},{\"@type\":\"WebSite\",\"@id\":\"https:\/\/www.entanglemental.com\/#website\",\"url\":\"https:\/\/www.entanglemental.com\/\",\"name\":\"ENTANGLEMENTAL RTG, LLC\",\"description\":\"\",\"publisher\":{\"@id\":\"https:\/\/www.entanglemental.com\/#organization\"},\"potentialAction\":[{\"@type\":\"SearchAction\",\"target\":{\"@type\":\"EntryPoint\",\"urlTemplate\":\"https:\/\/www.entanglemental.com\/?s={search_term_string}\"},\"query-input\":\"required name=search_term_string\"}],\"inLanguage\":\"pt-PT\"},{\"@type\":\"Organization\",\"@id\":\"https:\/\/www.entanglemental.com\/#organization\",\"name\":\"ENTANGLEMENTAL RTG, LLC\",\"url\":\"https:\/\/www.entanglemental.com\/\",\"logo\":{\"@type\":\"ImageObject\",\"inLanguage\":\"pt-PT\",\"@id\":\"https:\/\/www.entanglemental.com\/#\/schema\/logo\/image\/\",\"url\":\"https:\/\/www.entanglemental.com\/wp-content\/uploads\/2024\/05\/IconSite.png\",\"contentUrl\":\"https:\/\/www.entanglemental.com\/wp-content\/uploads\/2024\/05\/IconSite.png\",\"width\":512,\"height\":512,\"caption\":\"ENTANGLEMENTAL RTG, LLC\"},\"image\":{\"@id\":\"https:\/\/www.entanglemental.com\/#\/schema\/logo\/image\/\"},\"sameAs\":[\"https:\/\/www.facebook.com\/entanglementalLLC\",\"https:\/\/www.instagram.com\/entanglementalLLC\",\"https:\/\/www.linkedin.com\/company\/entanglementalllc\/\"]}]}<\/script>\n<!-- \/ Yoast SEO plugin. -->","yoast_head_json":{"title":"Comercio &#183; Entanglemental","description":"Financing | Mergers & Acquisitions | Commerce | Public Affairs","robots":{"index":"index","follow":"follow","max-snippet":"max-snippet:-1","max-image-preview":"max-image-preview:large","max-video-preview":"max-video-preview:-1"},"canonical":"https:\/\/www.entanglemental.com\/pt\/comercio\/","og_locale":"pt_PT","og_type":"article","og_title":"ENTANGLEMENTAL RTG, LLC","og_description":"Financing | Mergers & Acquisitions | Commerce | Public Affair","og_url":"https:\/\/www.entanglemental.com\/pt\/comercio\/","og_site_name":"Entanglemental","article_publisher":"https:\/\/www.facebook.com\/entanglementalLLC","article_modified_time":"2024-06-06T20:41:15+00:00","og_image":[{"width":1200,"height":675,"url":"https:\/\/www.entanglemental.com\/wp-content\/uploads\/2024\/06\/SiteImage.png","type":"image\/png"}],"twitter_card":"summary_large_image","twitter_misc":{"Tempo estimado de leitura":"1 minuto"},"schema":{"@context":"https:\/\/schema.org","@graph":[{"@type":"WebPage","@id":"https:\/\/www.entanglemental.com\/comercio\/","url":"https:\/\/www.entanglemental.com\/comercio\/","name":"Comercio &#183; Entanglemental","isPartOf":{"@id":"https:\/\/www.entanglemental.com\/#website"},"datePublished":"2024-05-29T18:08:24+00:00","dateModified":"2024-06-06T20:41:15+00:00","description":"Financing | Mergers & Acquisitions | Commerce | Public Affairs","breadcrumb":{"@id":"https:\/\/www.entanglemental.com\/comercio\/#breadcrumb"},"inLanguage":"pt-PT","potentialAction":[{"@type":"ReadAction","target":["https:\/\/www.entanglemental.com\/comercio\/"]}]},{"@type":"BreadcrumbList","@id":"https:\/\/www.entanglemental.com\/comercio\/#breadcrumb","itemListElement":[{"@type":"ListItem","position":1,"name":"Inicio","item":"https:\/\/www.entanglemental.com\/"},{"@type":"ListItem","position":2,"name":"Comercio"}]},{"@type":"WebSite","@id":"https:\/\/www.entanglemental.com\/#website","url":"https:\/\/www.entanglemental.com\/","name":"ENTANGLEMENTAL RTG, LLC","description":"","publisher":{"@id":"https:\/\/www.entanglemental.com\/#organization"},"potentialAction":[{"@type":"SearchAction","target":{"@type":"EntryPoint","urlTemplate":"https:\/\/www.entanglemental.com\/?s={search_term_string}"},"query-input":"required name=search_term_string"}],"inLanguage":"pt-PT"},{"@type":"Organization","@id":"https:\/\/www.entanglemental.com\/#organization","name":"ENTANGLEMENTAL RTG, LLC","url":"https:\/\/www.entanglemental.com\/","logo":{"@type":"ImageObject","inLanguage":"pt-PT","@id":"https:\/\/www.entanglemental.com\/#\/schema\/logo\/image\/","url":"https:\/\/www.entanglemental.com\/wp-content\/uploads\/2024\/05\/IconSite.png","contentUrl":"https:\/\/www.entanglemental.com\/wp-content\/uploads\/2024\/05\/IconSite.png","width":512,"height":512,"caption":"ENTANGLEMENTAL RTG, LLC"},"image":{"@id":"https:\/\/www.entanglemental.com\/#\/schema\/logo\/image\/"},"sameAs":["https:\/\/www.facebook.com\/entanglementalLLC","https:\/\/www.instagram.com\/entanglementalLLC","https:\/\/www.linkedin.com\/company\/entanglementalllc\/"]}]}},"_links":{"self":[{"href":"https:\/\/www.entanglemental.com\/pt\/wp-json\/wp\/v2\/pages\/2532","targetHints":{"allow":["GET"]}}],"collection":[{"href":"https:\/\/www.entanglemental.com\/pt\/wp-json\/wp\/v2\/pages"}],"about":[{"href":"https:\/\/www.entanglemental.com\/pt\/wp-json\/wp\/v2\/types\/page"}],"author":[{"embeddable":true,"href":"https:\/\/www.entanglemental.com\/pt\/wp-json\/wp\/v2\/users\/1"}],"replies":[{"embeddable":true,"href":"https:\/\/www.entanglemental.com\/pt\/wp-json\/wp\/v2\/comments?post=2532"}],"version-history":[{"count":5,"href":"https:\/\/www.entanglemental.com\/pt\/wp-json\/wp\/v2\/pages\/2532\/revisions"}],"predecessor-version":[{"id":2644,"href":"https:\/\/www.entanglemental.com\/pt\/wp-json\/wp\/v2\/pages\/2532\/revisions\/2644"}],"wp:attachment":[{"href":"https:\/\/www.entanglemental.com\/pt\/wp-json\/wp\/v2\/media?parent=2532"}],"curies":[{"name":"wp","href":"https:\/\/api.w.org\/{rel}","templated":true}]}}