{"id":42,"date":"2020-08-20T17:50:18","date_gmt":"2020-08-20T17:50:18","guid":{"rendered":"https:\/\/www.entanglemental.com\/webnueva\/?page_id=42"},"modified":"2024-06-06T17:38:33","modified_gmt":"2024-06-06T20:38:33","slug":"acerca-de","status":"publish","type":"page","link":"https:\/\/www.entanglemental.com\/pt\/acerca-de\/","title":{"rendered":"N\u00f3s"},"content":{"rendered":"<p><div class=\"fusion-fullwidth fullwidth-box fusion-builder-row-1 fusion-flex-container nonhundred-percent-fullwidth non-hundred-percent-height-scrolling\" style=\"--awb-border-radius-top-left:0px;--awb-border-radius-top-right:0px;--awb-border-radius-bottom-right:0px;--awb-border-radius-bottom-left:0px;--awb-padding-top:89px;--awb-padding-right:60px;--awb-padding-bottom:75px;--awb-padding-left:60px;--awb-padding-top-medium:40px;--awb-padding-bottom-medium:48px;--awb-padding-top-small:99px;--awb-padding-right-small:30px;--awb-padding-bottom-small:39px;--awb-padding-left-small:30px;--awb-background-color:rgba(32,182,212,0);--awb-flex-wrap:wrap;\" ><div class=\"fusion-builder-row fusion-row fusion-flex-align-items-center fusion-flex-justify-content-space-between fusion-flex-content-wrap\" style=\"max-width:1310.4px;margin-left: calc(-4% \/ 2 );margin-right: calc(-4% \/ 2 );\"><div class=\"fusion-layout-column fusion_builder_column fusion-builder-column-0 fusion_builder_column_3_5 3_5 fusion-flex-column\" style=\"--awb-bg-size:cover;--awb-width-large:60%;--awb-margin-top-large:20px;--awb-spacing-right-large:3.2%;--awb-margin-bottom-large:20px;--awb-spacing-left-large:3.2%;--awb-width-medium:66.666666666667%;--awb-order-medium:0;--awb-spacing-right-medium:2.88%;--awb-spacing-left-medium:2.88%;--awb-width-small:100%;--awb-order-small:0;--awb-spacing-right-small:1.92%;--awb-spacing-left-small:1.92%;\"><div class=\"fusion-column-wrapper fusion-column-has-shadow fusion-flex-justify-content-flex-start fusion-content-layout-column\"><div class=\"fusion-text fusion-text-1\"><p><b style=\"color: #051c2c;\">ENTANGLEMENTAL<\/b><span style=\"color: #051c2c;\"> \u00e9 uma empresa de consultoria especializada em posicionamento empresarial. Acompanhamos nossos clientes no desenvolvimento de sua agenda de neg\u00f3cios, conduzindo os aspectos n\u00e3o comerciais de sua vida externa com foco em estrat\u00e9gias de financiamento, compra \/ venda de ativos corporativos e assuntos p\u00fablicos.<\/span><\/p>\n<\/div><\/div><\/div><div class=\"fusion-layout-column fusion_builder_column fusion-builder-column-1 fusion_builder_column_1_4 1_4 fusion-flex-column\" style=\"--awb-bg-size:cover;--awb-width-large:25%;--awb-margin-top-large:20px;--awb-spacing-right-large:7.68%;--awb-margin-bottom-large:20px;--awb-spacing-left-large:7.68%;--awb-width-medium:33.333333333333%;--awb-order-medium:0;--awb-spacing-right-medium:5.76%;--awb-spacing-left-medium:5.76%;--awb-width-small:100%;--awb-order-small:0;--awb-margin-top-small:45px;--awb-spacing-right-small:1.92%;--awb-spacing-left-small:1.92%;\"><div class=\"fusion-column-wrapper fusion-column-has-shadow fusion-flex-justify-content-flex-start fusion-content-layout-column\"><div class=\"fusion-image-element\" style=\"--awb-caption-title-font-family:var(--h2_typography-font-family);--awb-caption-title-font-weight:var(--h2_typography-font-weight);--awb-caption-title-font-style:var(--h2_typography-font-style);--awb-caption-title-size:var(--h2_typography-font-size);--awb-caption-title-transform:var(--h2_typography-text-transform);--awb-caption-title-line-height:var(--h2_typography-line-height);--awb-caption-title-letter-spacing:var(--h2_typography-letter-spacing);\"><span class=\"fusion-imageframe imageframe-none imageframe-1 hover-type-none\" style=\"border-radius:12px;\"><img decoding=\"async\" width=\"1500\" height=\"1185\" title=\"Entanglemental_Iso\" src=\"https:\/\/www.entanglemental.com\/wp-content\/uploads\/2024\/05\/Entanglemental_Iso.png\" data-orig-src=\"https:\/\/www.entanglemental.com\/wp-content\/uploads\/2024\/05\/Entanglemental_Iso.png\" alt class=\"lazyload img-responsive wp-image-2167\" srcset=\"data:image\/svg+xml,%3Csvg%20xmlns%3D%27http%3A%2F%2Fwww.w3.org%2F2000%2Fsvg%27%20width%3D%271500%27%20height%3D%271185%27%20viewBox%3D%270%200%201500%201185%27%3E%3Crect%20width%3D%271500%27%20height%3D%271185%27%20fill-opacity%3D%220%22%2F%3E%3C%2Fsvg%3E\" data-srcset=\"https:\/\/www.entanglemental.com\/wp-content\/uploads\/2024\/05\/Entanglemental_Iso-200x158.png 200w, https:\/\/www.entanglemental.com\/wp-content\/uploads\/2024\/05\/Entanglemental_Iso-400x316.png 400w, https:\/\/www.entanglemental.com\/wp-content\/uploads\/2024\/05\/Entanglemental_Iso-600x474.png 600w, https:\/\/www.entanglemental.com\/wp-content\/uploads\/2024\/05\/Entanglemental_Iso-800x632.png 800w, https:\/\/www.entanglemental.com\/wp-content\/uploads\/2024\/05\/Entanglemental_Iso-1200x948.png 1200w, https:\/\/www.entanglemental.com\/wp-content\/uploads\/2024\/05\/Entanglemental_Iso.png 1500w\" data-sizes=\"auto\" data-orig-sizes=\"(max-width: 640px) 100vw, 400px\" \/><\/span><\/div><\/div><\/div><\/div><\/div><div class=\"fusion-fullwidth fullwidth-box fusion-builder-row-2 fusion-flex-container hundred-percent-fullwidth non-hundred-percent-height-scrolling\" style=\"--awb-border-radius-top-left:0px;--awb-border-radius-top-right:0px;--awb-border-radius-bottom-right:0px;--awb-border-radius-bottom-left:0px;--awb-padding-top:70px;--awb-padding-right:5%;--awb-padding-bottom:70px;--awb-padding-left:5%;--awb-padding-top-medium:40px;--awb-padding-right-medium:4%;--awb-padding-bottom-medium:48px;--awb-padding-left-medium:4%;--awb-padding-top-small:86px;--awb-padding-right-small:30.4688px;--awb-padding-bottom-small:70px;--awb-padding-left-small:30.4688px;--awb-background-color:#20b6d4;--awb-flex-wrap:wrap;\" ><div class=\"fusion-builder-row fusion-row fusion-flex-align-items-stretch fusion-flex-justify-content-space-between fusion-flex-content-wrap\" style=\"width:104% !important;max-width:104% !important;margin-left: calc(-4% \/ 2 );margin-right: calc(-4% \/ 2 );\"><div class=\"fusion-layout-column fusion_builder_column fusion-builder-column-2 fusion_builder_column_1_3 1_3 fusion-flex-column fusion-flex-align-self-stretch\" style=\"--awb-padding-top:60px;--awb-padding-right:30px;--awb-padding-bottom:30px;--awb-padding-left:30px;--awb-overflow:hidden;--awb-bg-size:cover;--awb-border-color:var(--awb-color1);--awb-border-top:2px;--awb-border-right:2px;--awb-border-bottom:2px;--awb-border-left:2px;--awb-border-style:solid;--awb-border-radius:2px 2px 2px 2px;--awb-width-large:33.333333333333%;--awb-margin-top-large:20px;--awb-spacing-right-large:5.76%;--awb-margin-bottom-large:20px;--awb-spacing-left-large:5.76%;--awb-width-medium:33.333333333333%;--awb-order-medium:0;--awb-spacing-right-medium:0px;--awb-spacing-left-medium:8.64%;--awb-width-small:100%;--awb-order-small:0;--awb-spacing-right-small:1.92%;--awb-spacing-left-small:1.92%;\"><div class=\"fusion-column-wrapper fusion-column-has-shadow fusion-flex-justify-content-flex-start fusion-content-layout-column\"><div class=\"fusion-title title fusion-title-1 fusion-sep-none fusion-title-text fusion-title-size-two\" style=\"--awb-text-color:var(--awb-color1);--awb-margin-top:0px;\"><h2 class=\"fusion-title-heading title-heading-left fusion-responsive-typography-calculated\" style=\"margin:0;--fontSize:48;line-height:1.2;\"><div style=\"text-align: center;\"><span style=\"color: var(--awb-text-color); font-family: var(--h2_typography-font-family); font-size: 1em; font-style: var(--h2_typography-font-style,normal); font-weight: var(--h2_typography-font-weight); letter-spacing: var(--h2_typography-letter-spacing); text-transform: var(--h2_typography-text-transform); background-color: var(--awb-bg-color);\">Vis\u00e3o<\/span><\/div><\/h2><\/div><div class=\"fusion-text fusion-text-2\"><h6 style=\"text-align: center;\" class=\" translation-block\"><span style=\"font-size: 19px; line-height: 30.1px;\" data-fusion-font=\"true\"><span style=\"font-weight: 500; font-size: 16px; line-height: 27px; color: #051c2c; font-family: Manrope;\" data-fusion-font=\"true\" data-fusion-google-font=\"Manrope\" data-fusion-google-variant=\"500\">Trabajamos con un enfoque de integridad, en el que las distintas \u00e1reas de incidencia impactan de manera interdependiente en un \u00fanico ecosistema de relaciones din\u00e1micas. De eso trata el \u00ab<\/span><span style=\"font-size: 16px; line-height: 27px; color: #051c2c; font-family: Manrope;\" data-fusion-font=\"true\" data-fusion-google-font=\"Manrope\" data-fusion-google-variant=\"500\">Entanglement<\/span><span style=\"font-weight: normal; font-size: 17px; line-height: 31px;\" data-fusion-font=\"true\"><span style=\"line-height: 27px; font-size: 16px; color: #051c2c; font-family: Manrope; font-weight: 500;\" data-fusion-font=\"true\" data-fusion-google-font=\"Manrope\" data-fusion-google-variant=\"500\">\u00bb, de construir lazos.<\/span><\/span><\/span><\/h6>\n<\/div><\/div><\/div><div class=\"fusion-layout-column fusion_builder_column fusion-builder-column-3 fusion_builder_column_1_3 1_3 fusion-flex-column fusion-flex-align-self-stretch\" style=\"--awb-padding-top:60px;--awb-padding-right:30px;--awb-padding-bottom:30px;--awb-padding-left:30px;--awb-overflow:hidden;--awb-bg-size:cover;--awb-border-color:var(--awb-color1);--awb-border-top:2px;--awb-border-right:2px;--awb-border-bottom:2px;--awb-border-left:2px;--awb-border-style:solid;--awb-border-radius:2px 2px 2px 2px;--awb-width-large:33.333333333333%;--awb-margin-top-large:20px;--awb-spacing-right-large:5.76%;--awb-margin-bottom-large:20px;--awb-spacing-left-large:5.76%;--awb-width-medium:33.333333333333%;--awb-order-medium:0;--awb-spacing-right-medium:0px;--awb-spacing-left-medium:8.64%;--awb-width-small:100%;--awb-order-small:0;--awb-spacing-right-small:1.92%;--awb-spacing-left-small:1.92%;\"><div class=\"fusion-column-wrapper fusion-column-has-shadow fusion-flex-justify-content-flex-start fusion-content-layout-column\"><div class=\"fusion-title title fusion-title-2 fusion-sep-none fusion-title-text fusion-title-size-two\" style=\"--awb-text-color:var(--awb-color1);--awb-margin-top:0px;\"><h2 class=\"fusion-title-heading title-heading-left fusion-responsive-typography-calculated\" style=\"margin:0;--fontSize:48;line-height:1.2;\"><div style=\"text-align: center;\"><span style=\"color: var(--awb-text-color); font-family: var(--h2_typography-font-family); font-size: 1em; font-style: var(--h2_typography-font-style,normal); font-weight: var(--h2_typography-font-weight); letter-spacing: var(--h2_typography-letter-spacing); text-transform: var(--h2_typography-text-transform); background-color: var(--awb-bg-color);\">Miss\u00e3o<\/span><\/div><\/h2><\/div><div class=\"fusion-text fusion-text-3\"><h6 style=\"text-align: center;\"><span style=\"font-size: 16px; line-height: 28.7px; font-weight: 500; color: #051c2c; font-family: Manrope;\" data-fusion-font=\"true\" data-fusion-google-font=\"Manrope\" data-fusion-google-variant=\"500\">Inserir nossos clientes em um circuito de relacionamentos s\u00f3lidos e confi\u00e1veis \u200b\u200bque lhes permitam enfrentar os desafios atuais e projetar suas estrat\u00e9gias de longo prazo.<\/span><\/h6>\n<\/div><\/div><\/div><div class=\"fusion-layout-column fusion_builder_column fusion-builder-column-4 fusion_builder_column_1_3 1_3 fusion-flex-column fusion-flex-align-self-stretch\" style=\"--awb-padding-top:60px;--awb-padding-right:30px;--awb-padding-bottom:30px;--awb-padding-left:30px;--awb-overflow:hidden;--awb-bg-size:cover;--awb-border-color:var(--awb-color1);--awb-border-top:2px;--awb-border-right:2px;--awb-border-bottom:2px;--awb-border-left:2px;--awb-border-style:solid;--awb-border-radius:2px 2px 2px 2px;--awb-width-large:33.333333333333%;--awb-margin-top-large:20px;--awb-spacing-right-large:5.76%;--awb-margin-bottom-large:20px;--awb-spacing-left-large:5.76%;--awb-width-medium:33.333333333333%;--awb-order-medium:0;--awb-spacing-right-medium:0px;--awb-spacing-left-medium:8.64%;--awb-width-small:100%;--awb-order-small:0;--awb-spacing-right-small:1.92%;--awb-spacing-left-small:1.92%;\"><div class=\"fusion-column-wrapper fusion-column-has-shadow fusion-flex-justify-content-flex-start fusion-content-layout-column\"><div class=\"fusion-title title fusion-title-3 fusion-sep-none fusion-title-text fusion-title-size-two\" style=\"--awb-text-color:var(--awb-color1);--awb-margin-top:0px;\"><h2 class=\"fusion-title-heading title-heading-left fusion-responsive-typography-calculated\" style=\"margin:0;--fontSize:48;line-height:1.2;\"><div style=\"text-align: center;\"><span style=\"color: var(--awb-text-color); font-family: var(--h2_typography-font-family); font-size: 1em; font-style: var(--h2_typography-font-style,normal); font-weight: var(--h2_typography-font-weight); letter-spacing: var(--h2_typography-letter-spacing); text-transform: var(--h2_typography-text-transform); background-color: var(--awb-bg-color);\">Valores<\/span><\/div><\/h2><\/div><div class=\"fusion-text fusion-text-4\"><h6 style=\"font-size: 17px; color: var(--awb-color4); text-align: center;\"><span style=\"color: var(--awb-color1); font-weight: normal; font-family: var(--h6_typography-font-family); font-style: var(--h6_typography-font-style,normal); letter-spacing: var(--h6_typography-letter-spacing); text-transform: var(--h6_typography-text-transform); text-align: var(--awb-content-alignment); background-color: var(--awb-bg-color); font-size: 16px; line-height: 31px;\" data-fusion-font=\"true\"><span style=\"color: #051c2c; font-family: Manrope; font-weight: 500; line-height: 32px;\" data-fusion-font=\"true\" data-fusion-google-font=\"Manrope\" data-fusion-google-variant=\"500\">Simplicidade<\/span><br \/>\n<\/span><span style=\"font-weight: normal;\"><span style=\"color: #051c2c; font-family: Manrope; font-weight: 500; line-height: 32px;\" data-fusion-font=\"true\" data-fusion-google-font=\"Manrope\" data-fusion-google-variant=\"500\">Versatilidade<\/span><br \/>\n<span style=\"color: #051c2c; font-family: Manrope; font-weight: 500; line-height: 32px;\" data-fusion-font=\"true\" data-fusion-google-font=\"Manrope\" data-fusion-google-variant=\"500\">Confiabilidade<\/span><br \/>\n<span style=\"color: #051c2c; font-family: Manrope; font-weight: 500; line-height: 32px;\" data-fusion-font=\"true\" data-fusion-google-font=\"Manrope\" data-fusion-google-variant=\"500\">Conhecimento<\/span><br \/>\n<span style=\"color: #051c2c; font-family: Manrope; font-weight: 500; line-height: 32px;\" data-fusion-font=\"true\" data-fusion-google-font=\"Manrope\" data-fusion-google-variant=\"500\">Transpar\u00eancia<\/span><\/span><\/h6>\n<\/div><\/div><\/div><\/div><\/div><\/p>","protected":false},"excerpt":{"rendered":"","protected":false},"author":1,"featured_media":0,"parent":0,"menu_order":0,"comment_status":"closed","ping_status":"closed","template":"100-width.php","meta":{"footnotes":""},"class_list":["post-42","page","type-page","status-publish","hentry"],"yoast_head":"<!-- This site is optimized with the Yoast SEO plugin v22.8 - https:\/\/yoast.com\/wordpress\/plugins\/seo\/ -->\n<title>Acerca de &#183; Entanglemental<\/title>\n<meta name=\"description\" content=\"Financing | Mergers &amp; Acquisitions | Commerce | Public Affairs\" \/>\n<meta name=\"robots\" content=\"index, follow, max-snippet:-1, max-image-preview:large, max-video-preview:-1\" \/>\n<link rel=\"canonical\" href=\"https:\/\/www.entanglemental.com\/pt\/acerca-de\/\" \/>\n<meta property=\"og:locale\" content=\"pt_PT\" \/>\n<meta property=\"og:type\" content=\"article\" \/>\n<meta property=\"og:title\" content=\"Acerca de &#183; Entanglemental\" \/>\n<meta property=\"og:description\" content=\"Financing | Mergers &amp; Acquisitions | Commerce | Public Affairs\" \/>\n<meta property=\"og:url\" content=\"https:\/\/www.entanglemental.com\/pt\/acerca-de\/\" \/>\n<meta property=\"og:site_name\" content=\"Entanglemental\" \/>\n<meta property=\"article:publisher\" content=\"https:\/\/www.facebook.com\/entanglementalLLC\" \/>\n<meta property=\"article:modified_time\" content=\"2024-06-06T20:38:33+00:00\" \/>\n<meta property=\"og:image\" content=\"https:\/\/www.entanglemental.com\/wp-content\/uploads\/2024\/06\/SiteImage.png\" \/>\n\t<meta property=\"og:image:width\" content=\"1200\" \/>\n\t<meta property=\"og:image:height\" content=\"675\" \/>\n\t<meta property=\"og:image:type\" content=\"image\/png\" \/>\n<meta name=\"twitter:card\" content=\"summary_large_image\" \/>\n<meta name=\"twitter:label1\" content=\"Tempo estimado de leitura\" \/>\n\t<meta name=\"twitter:data1\" content=\"1 minuto\" \/>\n<script type=\"application\/ld+json\" class=\"yoast-schema-graph\">{\"@context\":\"https:\/\/schema.org\",\"@graph\":[{\"@type\":\"WebPage\",\"@id\":\"https:\/\/www.entanglemental.com\/acerca-de\/\",\"url\":\"https:\/\/www.entanglemental.com\/acerca-de\/\",\"name\":\"Acerca de &#183; Entanglemental\",\"isPartOf\":{\"@id\":\"https:\/\/www.entanglemental.com\/#website\"},\"datePublished\":\"2020-08-20T17:50:18+00:00\",\"dateModified\":\"2024-06-06T20:38:33+00:00\",\"description\":\"Financing | Mergers & Acquisitions | Commerce | Public Affairs\",\"breadcrumb\":{\"@id\":\"https:\/\/www.entanglemental.com\/acerca-de\/#breadcrumb\"},\"inLanguage\":\"pt-PT\",\"potentialAction\":[{\"@type\":\"ReadAction\",\"target\":[\"https:\/\/www.entanglemental.com\/acerca-de\/\"]}]},{\"@type\":\"BreadcrumbList\",\"@id\":\"https:\/\/www.entanglemental.com\/acerca-de\/#breadcrumb\",\"itemListElement\":[{\"@type\":\"ListItem\",\"position\":1,\"name\":\"Inicio\",\"item\":\"https:\/\/www.entanglemental.com\/\"},{\"@type\":\"ListItem\",\"position\":2,\"name\":\"Acerca de\"}]},{\"@type\":\"WebSite\",\"@id\":\"https:\/\/www.entanglemental.com\/#website\",\"url\":\"https:\/\/www.entanglemental.com\/\",\"name\":\"ENTANGLEMENTAL RTG, LLC\",\"description\":\"\",\"publisher\":{\"@id\":\"https:\/\/www.entanglemental.com\/#organization\"},\"potentialAction\":[{\"@type\":\"SearchAction\",\"target\":{\"@type\":\"EntryPoint\",\"urlTemplate\":\"https:\/\/www.entanglemental.com\/?s={search_term_string}\"},\"query-input\":\"required name=search_term_string\"}],\"inLanguage\":\"pt-PT\"},{\"@type\":\"Organization\",\"@id\":\"https:\/\/www.entanglemental.com\/#organization\",\"name\":\"ENTANGLEMENTAL RTG, LLC\",\"url\":\"https:\/\/www.entanglemental.com\/\",\"logo\":{\"@type\":\"ImageObject\",\"inLanguage\":\"pt-PT\",\"@id\":\"https:\/\/www.entanglemental.com\/#\/schema\/logo\/image\/\",\"url\":\"https:\/\/www.entanglemental.com\/wp-content\/uploads\/2024\/05\/IconSite.png\",\"contentUrl\":\"https:\/\/www.entanglemental.com\/wp-content\/uploads\/2024\/05\/IconSite.png\",\"width\":512,\"height\":512,\"caption\":\"ENTANGLEMENTAL RTG, LLC\"},\"image\":{\"@id\":\"https:\/\/www.entanglemental.com\/#\/schema\/logo\/image\/\"},\"sameAs\":[\"https:\/\/www.facebook.com\/entanglementalLLC\",\"https:\/\/www.instagram.com\/entanglementalLLC\",\"https:\/\/www.linkedin.com\/company\/entanglementalllc\/\"]}]}<\/script>\n<!-- \/ Yoast SEO plugin. -->","yoast_head_json":{"title":"Acerca de &#183; Entanglemental","description":"Financing | Mergers & Acquisitions | Commerce | Public Affairs","robots":{"index":"index","follow":"follow","max-snippet":"max-snippet:-1","max-image-preview":"max-image-preview:large","max-video-preview":"max-video-preview:-1"},"canonical":"https:\/\/www.entanglemental.com\/pt\/acerca-de\/","og_locale":"pt_PT","og_type":"article","og_title":"Acerca de &#183; Entanglemental","og_description":"Financing | Mergers & Acquisitions | Commerce | Public Affairs","og_url":"https:\/\/www.entanglemental.com\/pt\/acerca-de\/","og_site_name":"Entanglemental","article_publisher":"https:\/\/www.facebook.com\/entanglementalLLC","article_modified_time":"2024-06-06T20:38:33+00:00","og_image":[{"width":1200,"height":675,"url":"https:\/\/www.entanglemental.com\/wp-content\/uploads\/2024\/06\/SiteImage.png","type":"image\/png"}],"twitter_card":"summary_large_image","twitter_misc":{"Tempo estimado de leitura":"1 minuto"},"schema":{"@context":"https:\/\/schema.org","@graph":[{"@type":"WebPage","@id":"https:\/\/www.entanglemental.com\/acerca-de\/","url":"https:\/\/www.entanglemental.com\/acerca-de\/","name":"Acerca de &#183; Entanglemental","isPartOf":{"@id":"https:\/\/www.entanglemental.com\/#website"},"datePublished":"2020-08-20T17:50:18+00:00","dateModified":"2024-06-06T20:38:33+00:00","description":"Financing | Mergers & Acquisitions | Commerce | Public Affairs","breadcrumb":{"@id":"https:\/\/www.entanglemental.com\/acerca-de\/#breadcrumb"},"inLanguage":"pt-PT","potentialAction":[{"@type":"ReadAction","target":["https:\/\/www.entanglemental.com\/acerca-de\/"]}]},{"@type":"BreadcrumbList","@id":"https:\/\/www.entanglemental.com\/acerca-de\/#breadcrumb","itemListElement":[{"@type":"ListItem","position":1,"name":"Inicio","item":"https:\/\/www.entanglemental.com\/"},{"@type":"ListItem","position":2,"name":"Acerca de"}]},{"@type":"WebSite","@id":"https:\/\/www.entanglemental.com\/#website","url":"https:\/\/www.entanglemental.com\/","name":"ENTANGLEMENTAL RTG, LLC","description":"","publisher":{"@id":"https:\/\/www.entanglemental.com\/#organization"},"potentialAction":[{"@type":"SearchAction","target":{"@type":"EntryPoint","urlTemplate":"https:\/\/www.entanglemental.com\/?s={search_term_string}"},"query-input":"required name=search_term_string"}],"inLanguage":"pt-PT"},{"@type":"Organization","@id":"https:\/\/www.entanglemental.com\/#organization","name":"ENTANGLEMENTAL RTG, LLC","url":"https:\/\/www.entanglemental.com\/","logo":{"@type":"ImageObject","inLanguage":"pt-PT","@id":"https:\/\/www.entanglemental.com\/#\/schema\/logo\/image\/","url":"https:\/\/www.entanglemental.com\/wp-content\/uploads\/2024\/05\/IconSite.png","contentUrl":"https:\/\/www.entanglemental.com\/wp-content\/uploads\/2024\/05\/IconSite.png","width":512,"height":512,"caption":"ENTANGLEMENTAL RTG, LLC"},"image":{"@id":"https:\/\/www.entanglemental.com\/#\/schema\/logo\/image\/"},"sameAs":["https:\/\/www.facebook.com\/entanglementalLLC","https:\/\/www.instagram.com\/entanglementalLLC","https:\/\/www.linkedin.com\/company\/entanglementalllc\/"]}]}},"_links":{"self":[{"href":"https:\/\/www.entanglemental.com\/pt\/wp-json\/wp\/v2\/pages\/42","targetHints":{"allow":["GET"]}}],"collection":[{"href":"https:\/\/www.entanglemental.com\/pt\/wp-json\/wp\/v2\/pages"}],"about":[{"href":"https:\/\/www.entanglemental.com\/pt\/wp-json\/wp\/v2\/types\/page"}],"author":[{"embeddable":true,"href":"https:\/\/www.entanglemental.com\/pt\/wp-json\/wp\/v2\/users\/1"}],"replies":[{"embeddable":true,"href":"https:\/\/www.entanglemental.com\/pt\/wp-json\/wp\/v2\/comments?post=42"}],"version-history":[{"count":36,"href":"https:\/\/www.entanglemental.com\/pt\/wp-json\/wp\/v2\/pages\/42\/revisions"}],"predecessor-version":[{"id":2642,"href":"https:\/\/www.entanglemental.com\/pt\/wp-json\/wp\/v2\/pages\/42\/revisions\/2642"}],"wp:attachment":[{"href":"https:\/\/www.entanglemental.com\/pt\/wp-json\/wp\/v2\/media?parent=42"}],"curies":[{"name":"wp","href":"https:\/\/api.w.org\/{rel}","templated":true}]}}